{"id":887,"date":"2025-11-19T07:50:47","date_gmt":"2025-11-19T06:50:47","guid":{"rendered":"https:\/\/zivogosce.cz\/hr\/?page_id=887"},"modified":"2025-11-19T08:58:25","modified_gmt":"2025-11-19T07:58:25","slug":"izleti","status":"publish","type":"page","link":"https:\/\/zivogosce.cz\/hr\/izleti\/","title":{"rendered":"Izleti"},"content":{"rendered":"\r\n<figure class=\"wp-block-gallery has-nested-images columns-default is-cropped wp-block-gallery-1 is-layout-flex wp-block-gallery-is-layout-flex\">\r\n<figure class=\"wp-block-image size-large\"><a href=\"#makarska\"><img loading=\"lazy\" decoding=\"async\" width=\"1024\" height=\"683\" data-id=\"891\" class=\"wp-image-891\" src=\"https:\/\/zivogosce.cz\/hr\/wp-content\/uploads\/2025\/11\/IMG_0808-1024x683.jpeg\" alt=\"\" srcset=\"https:\/\/zivogosce.cz\/hr\/wp-content\/uploads\/2025\/11\/IMG_0808-1024x683.jpeg 1024w, https:\/\/zivogosce.cz\/hr\/wp-content\/uploads\/2025\/11\/IMG_0808-300x200.jpeg 300w, https:\/\/zivogosce.cz\/hr\/wp-content\/uploads\/2025\/11\/IMG_0808-768x512.jpeg 768w, https:\/\/zivogosce.cz\/hr\/wp-content\/uploads\/2025\/11\/IMG_0808.jpeg 1170w\" sizes=\"auto, (max-width: 1024px) 100vw, 1024px\" \/><\/a><\/figure>\r\n\r\n\r\n\r\n<figure class=\"wp-block-image size-large\"><a href=\"#boat-trip\"><img loading=\"lazy\" decoding=\"async\" width=\"685\" height=\"457\" data-id=\"890\" class=\"wp-image-890\" src=\"https:\/\/zivogosce.cz\/hr\/wp-content\/uploads\/2025\/11\/IMG_0809.jpeg\" alt=\"\" srcset=\"https:\/\/zivogosce.cz\/hr\/wp-content\/uploads\/2025\/11\/IMG_0809.jpeg 685w, https:\/\/zivogosce.cz\/hr\/wp-content\/uploads\/2025\/11\/IMG_0809-300x200.jpeg 300w\" sizes=\"auto, (max-width: 685px) 100vw, 685px\" \/><\/a><\/figure>\r\n\r\n\r\n\r\n<figure class=\"wp-block-image size-large\"><a href=\"#skywalk\"><img loading=\"lazy\" decoding=\"async\" width=\"290\" height=\"174\" data-id=\"888\" class=\"wp-image-888\" src=\"https:\/\/zivogosce.cz\/hr\/wp-content\/uploads\/2025\/11\/IMG_0811.jpeg\" alt=\"\" \/><\/a><\/figure>\r\n\r\n\r\n\r\n<figure class=\"wp-block-image size-large\"><a href=\"#split\"><img loading=\"lazy\" decoding=\"async\" width=\"1024\" height=\"683\" data-id=\"893\" class=\"wp-image-893\" src=\"https:\/\/zivogosce.cz\/hr\/wp-content\/uploads\/2025\/11\/IMG_0813-1024x683.webp\" alt=\"\" srcset=\"https:\/\/zivogosce.cz\/hr\/wp-content\/uploads\/2025\/11\/IMG_0813-1024x683.webp 1024w, https:\/\/zivogosce.cz\/hr\/wp-content\/uploads\/2025\/11\/IMG_0813-300x200.webp 300w, https:\/\/zivogosce.cz\/hr\/wp-content\/uploads\/2025\/11\/IMG_0813-768x512.webp 768w, https:\/\/zivogosce.cz\/hr\/wp-content\/uploads\/2025\/11\/IMG_0813-1536x1025.webp 1536w, https:\/\/zivogosce.cz\/hr\/wp-content\/uploads\/2025\/11\/IMG_0813-2048x1366.webp 2048w\" sizes=\"auto, (max-width: 1024px) 100vw, 1024px\" \/><\/a><\/figure>\r\n\r\n\r\n\r\n<figure class=\"wp-block-image size-large\"><a href=\"#dubrovnik\"><img loading=\"lazy\" decoding=\"async\" width=\"1024\" height=\"575\" data-id=\"892\" class=\"wp-image-892\" src=\"https:\/\/zivogosce.cz\/hr\/wp-content\/uploads\/2025\/11\/IMG_0810-1024x575.jpeg\" alt=\"\" srcset=\"https:\/\/zivogosce.cz\/hr\/wp-content\/uploads\/2025\/11\/IMG_0810-1024x575.jpeg 1024w, https:\/\/zivogosce.cz\/hr\/wp-content\/uploads\/2025\/11\/IMG_0810-300x169.jpeg 300w, https:\/\/zivogosce.cz\/hr\/wp-content\/uploads\/2025\/11\/IMG_0810-768x431.jpeg 768w, https:\/\/zivogosce.cz\/hr\/wp-content\/uploads\/2025\/11\/IMG_0810.jpeg 1280w\" sizes=\"auto, (max-width: 1024px) 100vw, 1024px\" \/><\/a><\/figure>\r\n\r\n\r\n\r\n<figure class=\"wp-block-image size-large\"><a href=\"#velika-duba\"><img loading=\"lazy\" decoding=\"async\" width=\"300\" height=\"168\" data-id=\"889\" class=\"wp-image-889\" src=\"https:\/\/zivogosce.cz\/hr\/wp-content\/uploads\/2025\/11\/IMG_0812.jpeg\" alt=\"\" \/><\/a><\/figure>\r\n<\/figure>\r\n\r\n\r\n\r\n<p id=\"makarska\"><strong>\ud83c\udfd9\ufe0f1) Makarska \u2013 centar Makarske rivijere <\/strong><\/p>\r\n\r\n\r\n\r\n<p>Udaljenost: 20 min \/ 17 km<\/p>\r\n\r\n\r\n\r\n<p>\u0160to tamo mo\u017eete prona\u0107i:<\/p>\r\n\r\n\r\n\r\n<p>Makarska nudi prekrasnu rivu, luku, dje\u010dja igrali\u0161ta, trgovine i ve\u010dernju \u0161etnicu. Idealno za ve\u010dernju \u0161etnju ili cjelodnevni izlet s kupanjem.<\/p>\r\n\r\n\r\n\r\n<p>Mapa:\u00a0<a href=\"https:\/\/maps.app.goo.gl\/xBUQuSXvhYB5VQ7i6\">https:\/<\/a><a href=\"https:\/\/maps.app.goo.gl\/CewqMjyrwNbRhM4NA?g_st=ipc\">\/maps.app.goo.gl\/xBUQuSXvhYB5VQ7i6<\/a><\/p>\r\n\r\n\r\n\r\n<figure class=\"wp-block-image\"><img decoding=\"async\" class=\"wp-image-921\" src=\"https:\/\/zivogosce.cz\/wp-content\/uploads\/2025\/11\/IMG_0808-1024x683.jpeg\" alt=\"\" \/><\/figure>\r\n\r\n\r\n\r\n<p id=\"boat-trip\"><strong>\ud83d\udea4 2) Boat Trip \u2013 otok Hvar (celodnevni izlet brodom)<\/strong><\/p>\r\n\r\n\r\n\r\n<p>Polazak je direktno iz \u017divogo\u0161\u0107e Blato, vi\u0161e informacija na telefon ili WhatsApp: +420 608 140 950<\/p>\r\n\r\n\r\n\r\n<p>Jedan od najljep\u0161ih izleta \u2013 kristalno more, pje\u0161\u010dana pla\u017ea i gradi\u0107 Su\u0107uraj. Odli\u010dno za djecu i odrasle, uklju\u010duju\u0107i ru\u010dak na brodu.<\/p>\r\n\r\n\r\n\r\n<figure class=\"wp-block-image\"><img decoding=\"async\" src=\"https:\/\/www.visit-croatia.hr\/photos\/destinations\/hvar\/thumbs\/beach-mlaska-sucuraj-002-1374924974_huge.jpg\" alt=\"\" \/><\/figure>\r\n\r\n\r\n\r\n<p id=\"skywalk\"><strong>\u26f0\ufe0f\u00a03) Skywalk Biokovo<\/strong><\/p>\r\n\r\n\r\n\r\n<p>Udaljenost: 45 min \/ 30 km<\/p>\r\n\r\n\r\n\r\n<p>Staklena vidikovac na 1228 m n. v. s nevjerojatnim pogledom na Makarsku, Bra\u010d i Hvar. Preporu\u010dujemo rane jutarnje termine.<\/p>\r\n\r\n\r\n\r\n<p>Rezervacije: <a href=\"https:\/\/pp-biokovo.hr\/en\/skywalk-biokovo\">https:\/\/pp-biokovo.hr\/en\/skywalk-biokovo<\/a><\/p>\r\n\r\n\r\n\r\n<p>Mapa:\u00a0<a href=\"https:\/\/maps.app.goo.gl\/xW7jfqSHdzuvh2qk7\">http<\/a><a href=\"https:\/\/maps.app.goo.gl\/9MGhWXbDop1osPi69?g_st=ipc\">s:\/\/maps.app.goo.gl\/xW7jfqSHdzuvh2qk7<\/a><\/p>\r\n\r\n\r\n\r\n<figure class=\"wp-block-image\"><img decoding=\"async\" src=\"https:\/\/www.adriaticluxuryvillas.com\/uploads\/images\/skywalk-biokovo-a-divine-view-of-dalmatia-1615977919670.jpeg\" alt=\"\" \/><\/figure>\r\n\r\n\r\n\r\n<p id=\"split\"><strong>\ud83c\udfdb\ufe0f4) <strong>Dioklecijanova pala\u010da \u2013 Spli<\/strong>t<\/strong><\/p>\r\n\r\n\r\n\r\n<p>Udaljenost: 1 h 35 min \/ 95 km<\/p>\r\n\r\n\r\n\r\n<p>UNESCO znamenitost, stari grad, tr\u017enica, uske uli\u010dice. Odli\u010dno za cjelodnevni izlet \u2013 i s djecom.<\/p>\r\n\r\n\r\n\r\n<p>Mapa:\u00a0<a href=\"https:\/\/maps.app.goo.gl\/1QCoEL58MksK1PhJ7?g_st=ipc\">https:\/\/maps.app.goo.gl\/VDkDz86M1zPwSb9QA<\/a><\/p>\r\n\r\n\r\n\r\n<figure class=\"wp-block-image\"><img decoding=\"async\" class=\"wp-image-922\" src=\"https:\/\/zivogosce.cz\/wp-content\/uploads\/2025\/11\/IMG_0813-1024x683.webp\" alt=\"\" \/><\/figure>\r\n\r\n\r\n\r\n<p id=\"dubrovnik\"><strong>\ud83c\udff0<\/strong>\u00a0<strong>5) Dubrovn\u00edk \u2013 Biser Jadrana<\/strong><\/p>\r\n\r\n\r\n\r\n<p>Udaljenost: 2 h 40 min \/ 150 km<\/p>\r\n\r\n\r\n\r\n<p>Povijesne zidine, luka i jedinstvena atmosfera. Za du\u017ei boravak \u2014 svakako preporu\u010dujemo cjelodnevni izlet.<\/p>\r\n\r\n\r\n\r\n<p>Mapa:\u00a0<a href=\"https:\/\/maps.app.goo.gl\/wrNMhCXJrYyDLWNi9\">https:\/\/maps.a<\/a><a href=\"https:\/\/maps.app.goo.gl\/QEuS9KVp9NJJKRHf8?g_st=ipc\">pp.goo.gl\/wrNMhCXJrYyDLWNi9<\/a><\/p>\r\n\r\n\r\n\r\n<figure class=\"wp-block-image\"><img decoding=\"async\" src=\"https:\/\/zemesveta.cz\/wp-content\/uploads\/2021\/01\/Dubrovnik_celkovy_pohled.jpg\" alt=\"\" \/><\/figure>\r\n\r\n\r\n\r\n<p id=\"velika-duba\"><strong>\ud83c\udf3f<\/strong>\u00a0 <strong>6) <strong>Uvala Velika Duba (pje\u0161a\u010dki izlet)<\/strong><\/strong><\/p>\r\n\r\n\r\n\r\n<p>Udaljenost: pje\u0161ice cca 20\u201325 min<\/p>\r\n\r\n\r\n\r\n<p>Jedna od najljep\u0161ih divljih pla\u017ea u okolici Blata. Kristalno more, priroda i vrlo malo ljudi.<\/p>\r\n\r\n\r\n\r\n<p>Mapa:\u00a0<a href=\"https:\/\/maps.app.goo.gl\/cMnfGQUE8gzgQwNg9?g_st=ipc\">https:\/\/maps.app.goo.gl\/fYwdJtkmSEeKQobm9<\/a><\/p>\r\n\r\n\r\n\r\n<figure class=\"wp-block-image\"><img decoding=\"async\" src=\"https:\/\/sandee.com\/_next\/image?url=https%3A%2F%2Flh5.googleusercontent.com%2Fp%2FAF1QipNTGUaAwe-P5-GMQsLGbSvTgAV4e_tfHCzd1t6L%3Ds1600-k-no&amp;w=1200&amp;q=75\" alt=\"\" \/><\/figure>\r\n","protected":false},"excerpt":{"rendered":"<p>\ud83c\udfd9\ufe0f1) Makarska \u2013 centar Makarske rivijere Udaljenost: 20 min \/ 17 km \u0160to tamo mo\u017eete prona\u0107i: Makarska nudi prekrasnu rivu, luku, dje\u010dja igrali\u0161ta, trgovine i ve\u010dernju \u0161etnicu. Idealno za ve\u010dernju \u0161etnju ili cjelodnevni izlet s kupanjem. Mapa:\u00a0https:\/\/maps.app.goo.gl\/xBUQuSXvhYB5VQ7i6 \ud83d\udea4 2) Boat Trip \u2013 otok Hvar (celodnevni izlet brodom) Polazak je direktno iz \u017divogo\u0161\u0107e Blato, vi\u0161e informacija [&hellip;]<\/p>\n","protected":false},"author":3,"featured_media":895,"parent":0,"menu_order":0,"comment_status":"closed","ping_status":"closed","template":"","meta":{"footnotes":""},"class_list":["post-887","page","type-page","status-publish","has-post-thumbnail","hentry"],"_links":{"self":[{"href":"https:\/\/zivogosce.cz\/hr\/wp-json\/wp\/v2\/pages\/887","targetHints":{"allow":["GET"]}}],"collection":[{"href":"https:\/\/zivogosce.cz\/hr\/wp-json\/wp\/v2\/pages"}],"about":[{"href":"https:\/\/zivogosce.cz\/hr\/wp-json\/wp\/v2\/types\/page"}],"author":[{"embeddable":true,"href":"https:\/\/zivogosce.cz\/hr\/wp-json\/wp\/v2\/users\/3"}],"replies":[{"embeddable":true,"href":"https:\/\/zivogosce.cz\/hr\/wp-json\/wp\/v2\/comments?post=887"}],"version-history":[{"count":3,"href":"https:\/\/zivogosce.cz\/hr\/wp-json\/wp\/v2\/pages\/887\/revisions"}],"predecessor-version":[{"id":898,"href":"https:\/\/zivogosce.cz\/hr\/wp-json\/wp\/v2\/pages\/887\/revisions\/898"}],"wp:featuredmedia":[{"embeddable":true,"href":"https:\/\/zivogosce.cz\/hr\/wp-json\/wp\/v2\/media\/895"}],"wp:attachment":[{"href":"https:\/\/zivogosce.cz\/hr\/wp-json\/wp\/v2\/media?parent=887"}],"curies":[{"name":"wp","href":"https:\/\/api.w.org\/{rel}","templated":true}]}}