{"id":814,"date":"2024-11-13T09:30:54","date_gmt":"2024-11-13T08:30:54","guid":{"rendered":"https:\/\/zivogosce.cz\/hr\/?page_id=814"},"modified":"2025-10-06T10:45:59","modified_gmt":"2025-10-06T08:45:59","slug":"soba-13","status":"publish","type":"page","link":"https:\/\/zivogosce.cz\/hr\/rooms\/soba-13\/","title":{"rendered":"Soba 13"},"content":{"rendered":"\n<p>\ud83d\udecf Oprema sobe:<\/p>\n\n\n\n<ul class=\"wp-block-list\">\n<li>Krevet na kat s donjim le\u017eajem \u0161irine 140 cm i gornjim le\u017eajem 90 cm<\/li>\n\n\n\n<li>Ugradbeni ormar i dovoljno prostora za pohranu<\/li>\n\n\n\n<li>Radni stol sa stolicom \u2013 idealno za pisanje razglednica ili kori\u0161tenje laptopa<\/li>\n\n\n\n<li>Klima ure\u0111aj (ovisno o opremi objekta)<\/li>\n\n\n\n<li>Vlastita kupaonica s tu\u0161em, WC-om i umivaonikom<\/li>\n<\/ul>\n\n\n\n<p>\ud83d\udebf Privatna kupaonica je moderno ure\u0111ena i \u010dista, s tu\u0161 kabinom, WC \u0161koljkom i umivaonikom s velikim ogledalom \u2013 savr\u0161eno za osvje\u017eenje nakon dana provedenog na pla\u017ei.<\/p>\n\n\n\n<p>Cijela soba je ure\u0111ena u svijetlim, prirodnim tonovima s drvenim stropom, \u0161to stvara ugodnu atmosferu za odmor.<\/p>\n\n\n\n<p>\ud83c\udf7d Kuhinja se nalazi u prizemlju i dijeli se s jo\u0161 jednom sobom. Svaka soba ima svoj hladnjak u kuhinji.<\/p>\n\n\n\n<figure class=\"wp-block-gallery has-nested-images columns-default is-cropped wp-block-gallery-1 is-layout-flex wp-block-gallery-is-layout-flex\">\n<figure class=\"wp-block-image size-large\"><a href=\"https:\/\/zivogosce.cz\/hr\/wp-content\/uploads\/2024\/11\/IMG_8825-scaled.jpeg\"><img loading=\"lazy\" decoding=\"async\" width=\"1024\" height=\"768\" data-id=\"832\" src=\"https:\/\/zivogosce.cz\/hr\/wp-content\/uploads\/2024\/11\/IMG_8825-1024x768.jpeg\" alt=\"\" class=\"wp-image-832\" srcset=\"https:\/\/zivogosce.cz\/hr\/wp-content\/uploads\/2024\/11\/IMG_8825-1024x768.jpeg 1024w, https:\/\/zivogosce.cz\/hr\/wp-content\/uploads\/2024\/11\/IMG_8825-300x225.jpeg 300w, https:\/\/zivogosce.cz\/hr\/wp-content\/uploads\/2024\/11\/IMG_8825-768x576.jpeg 768w, https:\/\/zivogosce.cz\/hr\/wp-content\/uploads\/2024\/11\/IMG_8825-1536x1152.jpeg 1536w, https:\/\/zivogosce.cz\/hr\/wp-content\/uploads\/2024\/11\/IMG_8825-2048x1536.jpeg 2048w, https:\/\/zivogosce.cz\/hr\/wp-content\/uploads\/2024\/11\/IMG_8825-390x293.jpeg 390w\" sizes=\"auto, (max-width: 1024px) 100vw, 1024px\" \/><\/a><\/figure>\n\n\n\n<figure class=\"wp-block-image size-large\"><a href=\"https:\/\/zivogosce.cz\/hr\/wp-content\/uploads\/2024\/11\/IMG_8387-scaled.jpeg\"><img loading=\"lazy\" decoding=\"async\" width=\"768\" height=\"1024\" data-id=\"829\" src=\"https:\/\/zivogosce.cz\/hr\/wp-content\/uploads\/2024\/11\/IMG_8387-768x1024.jpeg\" alt=\"\" class=\"wp-image-829\" srcset=\"https:\/\/zivogosce.cz\/hr\/wp-content\/uploads\/2024\/11\/IMG_8387-768x1024.jpeg 768w, https:\/\/zivogosce.cz\/hr\/wp-content\/uploads\/2024\/11\/IMG_8387-225x300.jpeg 225w, https:\/\/zivogosce.cz\/hr\/wp-content\/uploads\/2024\/11\/IMG_8387-1152x1536.jpeg 1152w, https:\/\/zivogosce.cz\/hr\/wp-content\/uploads\/2024\/11\/IMG_8387-1536x2048.jpeg 1536w, https:\/\/zivogosce.cz\/hr\/wp-content\/uploads\/2024\/11\/IMG_8387-scaled.jpeg 1920w\" sizes=\"auto, (max-width: 768px) 100vw, 768px\" \/><\/a><\/figure>\n\n\n\n<figure class=\"wp-block-image size-large\"><a href=\"https:\/\/zivogosce.cz\/hr\/wp-content\/uploads\/2024\/11\/IMG_8829-scaled.jpeg\"><img loading=\"lazy\" decoding=\"async\" width=\"1024\" height=\"768\" data-id=\"831\" src=\"https:\/\/zivogosce.cz\/hr\/wp-content\/uploads\/2024\/11\/IMG_8829-1024x768.jpeg\" alt=\"\" class=\"wp-image-831\" srcset=\"https:\/\/zivogosce.cz\/hr\/wp-content\/uploads\/2024\/11\/IMG_8829-1024x768.jpeg 1024w, https:\/\/zivogosce.cz\/hr\/wp-content\/uploads\/2024\/11\/IMG_8829-300x225.jpeg 300w, https:\/\/zivogosce.cz\/hr\/wp-content\/uploads\/2024\/11\/IMG_8829-768x576.jpeg 768w, https:\/\/zivogosce.cz\/hr\/wp-content\/uploads\/2024\/11\/IMG_8829-1536x1152.jpeg 1536w, https:\/\/zivogosce.cz\/hr\/wp-content\/uploads\/2024\/11\/IMG_8829-2048x1536.jpeg 2048w, https:\/\/zivogosce.cz\/hr\/wp-content\/uploads\/2024\/11\/IMG_8829-390x293.jpeg 390w\" sizes=\"auto, (max-width: 1024px) 100vw, 1024px\" \/><\/a><\/figure>\n\n\n\n<figure class=\"wp-block-image size-large\"><a href=\"https:\/\/zivogosce.cz\/hr\/wp-content\/uploads\/2024\/11\/IMG_8824-2-scaled.jpeg\"><img loading=\"lazy\" decoding=\"async\" width=\"1024\" height=\"768\" data-id=\"830\" src=\"https:\/\/zivogosce.cz\/hr\/wp-content\/uploads\/2024\/11\/IMG_8824-2-1024x768.jpeg\" alt=\"\" class=\"wp-image-830\" srcset=\"https:\/\/zivogosce.cz\/hr\/wp-content\/uploads\/2024\/11\/IMG_8824-2-1024x768.jpeg 1024w, https:\/\/zivogosce.cz\/hr\/wp-content\/uploads\/2024\/11\/IMG_8824-2-300x225.jpeg 300w, https:\/\/zivogosce.cz\/hr\/wp-content\/uploads\/2024\/11\/IMG_8824-2-768x576.jpeg 768w, https:\/\/zivogosce.cz\/hr\/wp-content\/uploads\/2024\/11\/IMG_8824-2-1536x1152.jpeg 1536w, https:\/\/zivogosce.cz\/hr\/wp-content\/uploads\/2024\/11\/IMG_8824-2-2048x1536.jpeg 2048w, https:\/\/zivogosce.cz\/hr\/wp-content\/uploads\/2024\/11\/IMG_8824-2-390x293.jpeg 390w\" sizes=\"auto, (max-width: 1024px) 100vw, 1024px\" \/><\/a><\/figure>\n<\/figure>\n","protected":false},"excerpt":{"rendered":"<p>\ud83d\udecf Oprema sobe: \ud83d\udebf Privatna kupaonica je moderno ure\u0111ena i \u010dista, s tu\u0161 kabinom, WC \u0161koljkom i umivaonikom s velikim ogledalom \u2013 savr\u0161eno za osvje\u017eenje nakon dana provedenog na pla\u017ei. Cijela soba je ure\u0111ena u svijetlim, prirodnim tonovima s drvenim stropom, \u0161to stvara ugodnu atmosferu za odmor. \ud83c\udf7d Kuhinja se nalazi u prizemlju i dijeli [&hellip;]<\/p>\n","protected":false},"author":3,"featured_media":827,"parent":318,"menu_order":0,"comment_status":"closed","ping_status":"closed","template":"","meta":{"footnotes":""},"class_list":["post-814","page","type-page","status-publish","has-post-thumbnail","hentry"],"_links":{"self":[{"href":"https:\/\/zivogosce.cz\/hr\/wp-json\/wp\/v2\/pages\/814","targetHints":{"allow":["GET"]}}],"collection":[{"href":"https:\/\/zivogosce.cz\/hr\/wp-json\/wp\/v2\/pages"}],"about":[{"href":"https:\/\/zivogosce.cz\/hr\/wp-json\/wp\/v2\/types\/page"}],"author":[{"embeddable":true,"href":"https:\/\/zivogosce.cz\/hr\/wp-json\/wp\/v2\/users\/3"}],"replies":[{"embeddable":true,"href":"https:\/\/zivogosce.cz\/hr\/wp-json\/wp\/v2\/comments?post=814"}],"version-history":[{"count":6,"href":"https:\/\/zivogosce.cz\/hr\/wp-json\/wp\/v2\/pages\/814\/revisions"}],"predecessor-version":[{"id":864,"href":"https:\/\/zivogosce.cz\/hr\/wp-json\/wp\/v2\/pages\/814\/revisions\/864"}],"up":[{"embeddable":true,"href":"https:\/\/zivogosce.cz\/hr\/wp-json\/wp\/v2\/pages\/318"}],"wp:featuredmedia":[{"embeddable":true,"href":"https:\/\/zivogosce.cz\/hr\/wp-json\/wp\/v2\/media\/827"}],"wp:attachment":[{"href":"https:\/\/zivogosce.cz\/hr\/wp-json\/wp\/v2\/media?parent=814"}],"curies":[{"name":"wp","href":"https:\/\/api.w.org\/{rel}","templated":true}]}}