{"id":43,"date":"2023-04-08T13:49:21","date_gmt":"2023-04-08T11:49:21","guid":{"rendered":"https:\/\/zivogosce.cz\/hr\/?page_id=43"},"modified":"2024-11-13T11:26:09","modified_gmt":"2024-11-13T10:26:09","slug":"gdje-se-nalazimo","status":"publish","type":"page","link":"https:\/\/zivogosce.cz\/hr\/gdje-se-nalazimo\/","title":{"rendered":"Gdje se nalazimo"},"content":{"rendered":"\n<p><strong>Na\u0161a adresa:<\/strong><\/p>\n\n\n\n<p>Villa Alena<\/p>\n\n\n\n<p>\u017divogo\u0161\u0107e Blato 52<\/p>\n\n\n\n<p>213 29 Igrane<\/p>\n\n\n\n<h4 class=\"wp-block-heading\">Kako do nas- auto<\/h4>\n\n\n\n<p>-na hrvatskoj autocesti vozite u smjeru Splita<\/p>\n\n\n\n<p>-si\u0111ite na izlazu Zagvozd\/Makarsk\u00e1 cca 70 km nakon izlaza Split<\/p>\n\n\n\n<p>-nakon prolaska grada Makarska, \u017divogo\u0161\u0107e-Blato je nakon cca 20 km<\/p>\n\n\n\n<ul class=\"wp-block-list\">\n<li>Napomena: postoje 3 \u017divogos\u0161\u0107a- Porat, Mala Duba i Blato. Blato je najudaljenije od Makarske.<\/li>\n<\/ul>\n\n\n\n<p>-iza\u0111ite na glavni izlaz u mjesto i Villa Alena je tre\u0107a ku\u0107a s desne strane.<\/p>\n\n\n\n<p>-cijena autoceste Zagreb-Zagvozd za osobni automobil iznosi 27 \u20ac<\/p>\n\n\n\n<p>Vi\u0161e informacija: <a href=\"https:\/\/www.hac.hr\/hr\/cestarina\/cjenik\/a1\">hac.hr<\/a><\/p>\n\n\n\n<h4 class=\"wp-block-heading\">Kako do nas &#8211; avion<\/h4>\n\n\n\n<p>-redovnom linijom u Split od lipnja do rujna ili redovnom linijom u Zadar.<\/p>\n\n\n\n<p>-u zra\u010dnim lukama mogu\u0107e je iznajmiti automobil<\/p>\n\n\n\n<h4 class=\"wp-block-heading\">Kako do nas &#8211; bus<\/h4>\n\n\n\n<p>-redovne linije na primjer s tvrtkom <a href=\"https:\/\/www.flixbus.hr\/\" data-type=\"URL\" data-id=\"https:\/\/www.flixbus.hr\/\">Flixbus<\/a>.<\/p>\n\n\n<p><img loading=\"lazy\" decoding=\"async\" class=\"wp-image-45 size-full aligncenter\" src=\"https:\/\/zivogosce.cz\/hr\/wp-content\/uploads\/2023\/04\/mapa2.jpg\" alt=\"\" width=\"476\" height=\"476\" srcset=\"https:\/\/zivogosce.cz\/hr\/wp-content\/uploads\/2023\/04\/mapa2.jpg 476w, https:\/\/zivogosce.cz\/hr\/wp-content\/uploads\/2023\/04\/mapa2-300x300.jpg 300w, https:\/\/zivogosce.cz\/hr\/wp-content\/uploads\/2023\/04\/mapa2-150x150.jpg 150w\" sizes=\"auto, (max-width: 476px) 100vw, 476px\" \/><\/p>\n<div class=\"clearfix\">\u00a0<\/div>\n<p><img loading=\"lazy\" decoding=\"async\" class=\"wp-image-44 size-full aligncenter\" src=\"https:\/\/zivogosce.cz\/hr\/wp-content\/uploads\/2023\/04\/mapa.jpg\" alt=\"mapa.png\" width=\"476\" height=\"476\" srcset=\"https:\/\/zivogosce.cz\/hr\/wp-content\/uploads\/2023\/04\/mapa.jpg 476w, https:\/\/zivogosce.cz\/hr\/wp-content\/uploads\/2023\/04\/mapa-300x300.jpg 300w, https:\/\/zivogosce.cz\/hr\/wp-content\/uploads\/2023\/04\/mapa-150x150.jpg 150w\" sizes=\"auto, (max-width: 476px) 100vw, 476px\" \/><\/p>","protected":false},"excerpt":{"rendered":"<p>Na\u0161a adresa: Villa Alena \u017divogo\u0161\u0107e Blato 52 213 29 Igrane Kako do nas- auto -na hrvatskoj autocesti vozite u smjeru Splita -si\u0111ite na izlazu Zagvozd\/Makarsk\u00e1 cca 70 km nakon izlaza Split -nakon prolaska grada Makarska, \u017divogo\u0161\u0107e-Blato je nakon cca 20 km -iza\u0111ite na glavni izlaz u mjesto i Villa Alena je tre\u0107a ku\u0107a s desne [&hellip;]<\/p>\n","protected":false},"author":1,"featured_media":847,"parent":0,"menu_order":0,"comment_status":"closed","ping_status":"closed","template":"","meta":{"footnotes":""},"class_list":["post-43","page","type-page","status-publish","has-post-thumbnail","hentry"],"_links":{"self":[{"href":"https:\/\/zivogosce.cz\/hr\/wp-json\/wp\/v2\/pages\/43","targetHints":{"allow":["GET"]}}],"collection":[{"href":"https:\/\/zivogosce.cz\/hr\/wp-json\/wp\/v2\/pages"}],"about":[{"href":"https:\/\/zivogosce.cz\/hr\/wp-json\/wp\/v2\/types\/page"}],"author":[{"embeddable":true,"href":"https:\/\/zivogosce.cz\/hr\/wp-json\/wp\/v2\/users\/1"}],"replies":[{"embeddable":true,"href":"https:\/\/zivogosce.cz\/hr\/wp-json\/wp\/v2\/comments?post=43"}],"version-history":[{"count":13,"href":"https:\/\/zivogosce.cz\/hr\/wp-json\/wp\/v2\/pages\/43\/revisions"}],"predecessor-version":[{"id":735,"href":"https:\/\/zivogosce.cz\/hr\/wp-json\/wp\/v2\/pages\/43\/revisions\/735"}],"wp:featuredmedia":[{"embeddable":true,"href":"https:\/\/zivogosce.cz\/hr\/wp-json\/wp\/v2\/media\/847"}],"wp:attachment":[{"href":"https:\/\/zivogosce.cz\/hr\/wp-json\/wp\/v2\/media?parent=43"}],"curies":[{"name":"wp","href":"https:\/\/api.w.org\/{rel}","templated":true}]}}