{"id":37,"date":"2023-04-08T13:40:30","date_gmt":"2023-04-08T11:40:30","guid":{"rendered":"https:\/\/zivogosce.cz\/hr\/?page_id=37"},"modified":"2025-10-08T12:11:36","modified_gmt":"2025-10-08T10:11:36","slug":"pokoj-12","status":"publish","type":"page","link":"https:\/\/zivogosce.cz\/hr\/rooms\/pokoj-12\/","title":{"rendered":"Soba 12"},"content":{"rendered":"\n<h3 class=\"wp-block-heading\">Soba 12 &#8211; 12 m<sup>2<\/sup><\/h3>\n\n\n\n<p>Udobna soba s bra\u010dnim krevetom i balkonom s prekrasnim pogledom na more. Savr\u0161ena za parove koji tra\u017ee miran i ugodan smje\u0161taj blizu pla\u017ee.<\/p>\n\n\n\n<p>\ud83d\udecf\ufe0f Soba<\/p>\n\n\n\n<p>\u2192 Bra\u010dni krevet, klima ure\u0111aj, ormar<\/p>\n\n\n\n<p>\u2192 Privatna kupaonica s tu\u0161em, WC-om i umivaonikom<\/p>\n\n\n\n<p>\u2192 Balkon s pogledom na more i mjestom za sjedenje<\/p>\n\n\n\n<p>\ud83c\udf73 Kuhinja<\/p>\n\n\n\n<p>\u2192 Zajedni\u010dka s susjednom sobom 13<\/p>\n\n\n\n<p>\u2192 Potpuno opremljena (hladnjak, plo\u010da za kuhanje, kuhalo za vodu, mikrovalna, posu\u0111e)<\/p>\n\n\n\n<hr class=\"wp-block-separator has-alpha-channel-opacity\"\/>\n\n\n\n<figure class=\"wp-block-gallery has-nested-images columns-default is-cropped wp-block-gallery-1 is-layout-flex wp-block-gallery-is-layout-flex\">\n<figure class=\"wp-block-image size-large\"><a href=\"https:\/\/zivogosce.cz\/hr\/wp-content\/uploads\/2025\/10\/IMG_8532-scaled.jpeg\"><img loading=\"lazy\" decoding=\"async\" width=\"1024\" height=\"768\" data-id=\"877\" src=\"https:\/\/zivogosce.cz\/hr\/wp-content\/uploads\/2025\/10\/IMG_8532-1024x768.jpeg\" alt=\"\" class=\"wp-image-877\" srcset=\"https:\/\/zivogosce.cz\/hr\/wp-content\/uploads\/2025\/10\/IMG_8532-1024x768.jpeg 1024w, https:\/\/zivogosce.cz\/hr\/wp-content\/uploads\/2025\/10\/IMG_8532-300x225.jpeg 300w, https:\/\/zivogosce.cz\/hr\/wp-content\/uploads\/2025\/10\/IMG_8532-768x576.jpeg 768w, https:\/\/zivogosce.cz\/hr\/wp-content\/uploads\/2025\/10\/IMG_8532-1536x1152.jpeg 1536w, https:\/\/zivogosce.cz\/hr\/wp-content\/uploads\/2025\/10\/IMG_8532-2048x1536.jpeg 2048w, https:\/\/zivogosce.cz\/hr\/wp-content\/uploads\/2025\/10\/IMG_8532-390x293.jpeg 390w\" sizes=\"auto, (max-width: 1024px) 100vw, 1024px\" \/><\/a><\/figure>\n\n\n\n<figure class=\"wp-block-image size-large\"><a href=\"https:\/\/zivogosce.cz\/hr\/wp-content\/uploads\/2025\/10\/IMG_8526-scaled.jpeg\"><img loading=\"lazy\" decoding=\"async\" width=\"1024\" height=\"768\" data-id=\"879\" src=\"https:\/\/zivogosce.cz\/hr\/wp-content\/uploads\/2025\/10\/IMG_8526-1024x768.jpeg\" alt=\"\" class=\"wp-image-879\" srcset=\"https:\/\/zivogosce.cz\/hr\/wp-content\/uploads\/2025\/10\/IMG_8526-1024x768.jpeg 1024w, https:\/\/zivogosce.cz\/hr\/wp-content\/uploads\/2025\/10\/IMG_8526-300x225.jpeg 300w, https:\/\/zivogosce.cz\/hr\/wp-content\/uploads\/2025\/10\/IMG_8526-768x576.jpeg 768w, https:\/\/zivogosce.cz\/hr\/wp-content\/uploads\/2025\/10\/IMG_8526-1536x1152.jpeg 1536w, https:\/\/zivogosce.cz\/hr\/wp-content\/uploads\/2025\/10\/IMG_8526-2048x1536.jpeg 2048w, https:\/\/zivogosce.cz\/hr\/wp-content\/uploads\/2025\/10\/IMG_8526-390x293.jpeg 390w\" sizes=\"auto, (max-width: 1024px) 100vw, 1024px\" \/><\/a><\/figure>\n\n\n\n<figure class=\"wp-block-image size-large\"><a href=\"https:\/\/zivogosce.cz\/hr\/wp-content\/uploads\/2023\/06\/IMG_2593.jpeg\"><img loading=\"lazy\" decoding=\"async\" width=\"1024\" height=\"768\" data-id=\"610\" src=\"https:\/\/zivogosce.cz\/hr\/wp-content\/uploads\/2023\/06\/IMG_2593-1024x768.jpeg\" alt=\"\" class=\"wp-image-610\" srcset=\"https:\/\/zivogosce.cz\/hr\/wp-content\/uploads\/2023\/06\/IMG_2593-1024x768.jpeg 1024w, https:\/\/zivogosce.cz\/hr\/wp-content\/uploads\/2023\/06\/IMG_2593-300x225.jpeg 300w, https:\/\/zivogosce.cz\/hr\/wp-content\/uploads\/2023\/06\/IMG_2593-768x576.jpeg 768w, https:\/\/zivogosce.cz\/hr\/wp-content\/uploads\/2023\/06\/IMG_2593-1536x1151.jpeg 1536w, https:\/\/zivogosce.cz\/hr\/wp-content\/uploads\/2023\/06\/IMG_2593-390x293.jpeg 390w\" sizes=\"auto, (max-width: 1024px) 100vw, 1024px\" \/><\/a><\/figure>\n\n\n\n<figure class=\"wp-block-image size-large\"><a href=\"https:\/\/zivogosce.cz\/hr\/wp-content\/uploads\/2023\/06\/IMG_2596.jpeg\"><img loading=\"lazy\" decoding=\"async\" width=\"1024\" height=\"768\" data-id=\"612\" src=\"https:\/\/zivogosce.cz\/hr\/wp-content\/uploads\/2023\/06\/IMG_2596-1024x768.jpeg\" alt=\"\" class=\"wp-image-612\" srcset=\"https:\/\/zivogosce.cz\/hr\/wp-content\/uploads\/2023\/06\/IMG_2596-1024x768.jpeg 1024w, https:\/\/zivogosce.cz\/hr\/wp-content\/uploads\/2023\/06\/IMG_2596-300x225.jpeg 300w, https:\/\/zivogosce.cz\/hr\/wp-content\/uploads\/2023\/06\/IMG_2596-768x576.jpeg 768w, https:\/\/zivogosce.cz\/hr\/wp-content\/uploads\/2023\/06\/IMG_2596-1536x1151.jpeg 1536w, https:\/\/zivogosce.cz\/hr\/wp-content\/uploads\/2023\/06\/IMG_2596-390x293.jpeg 390w\" sizes=\"auto, (max-width: 1024px) 100vw, 1024px\" \/><\/a><\/figure>\n\n\n\n<figure class=\"wp-block-image size-large\"><a href=\"https:\/\/zivogosce.cz\/hr\/wp-content\/uploads\/2023\/06\/IMG_2595.jpeg\"><img loading=\"lazy\" decoding=\"async\" width=\"1024\" height=\"768\" data-id=\"611\" src=\"https:\/\/zivogosce.cz\/hr\/wp-content\/uploads\/2023\/06\/IMG_2595-1024x768.jpeg\" alt=\"\" class=\"wp-image-611\" srcset=\"https:\/\/zivogosce.cz\/hr\/wp-content\/uploads\/2023\/06\/IMG_2595-1024x768.jpeg 1024w, https:\/\/zivogosce.cz\/hr\/wp-content\/uploads\/2023\/06\/IMG_2595-300x225.jpeg 300w, https:\/\/zivogosce.cz\/hr\/wp-content\/uploads\/2023\/06\/IMG_2595-768x576.jpeg 768w, https:\/\/zivogosce.cz\/hr\/wp-content\/uploads\/2023\/06\/IMG_2595-1536x1151.jpeg 1536w, https:\/\/zivogosce.cz\/hr\/wp-content\/uploads\/2023\/06\/IMG_2595-390x293.jpeg 390w\" sizes=\"auto, (max-width: 1024px) 100vw, 1024px\" \/><\/a><\/figure>\n\n\n\n<figure class=\"wp-block-image size-large\"><a href=\"https:\/\/zivogosce.cz\/hr\/wp-content\/uploads\/2023\/06\/IMG_2586.jpeg\"><img loading=\"lazy\" decoding=\"async\" width=\"768\" height=\"1024\" data-id=\"613\" src=\"https:\/\/zivogosce.cz\/hr\/wp-content\/uploads\/2023\/06\/IMG_2586-768x1024.jpeg\" alt=\"\" class=\"wp-image-613\" srcset=\"https:\/\/zivogosce.cz\/hr\/wp-content\/uploads\/2023\/06\/IMG_2586-768x1025.jpeg 768w, https:\/\/zivogosce.cz\/hr\/wp-content\/uploads\/2023\/06\/IMG_2586-225x300.jpeg 225w, https:\/\/zivogosce.cz\/hr\/wp-content\/uploads\/2023\/06\/IMG_2586-1151x1536.jpeg 1151w, https:\/\/zivogosce.cz\/hr\/wp-content\/uploads\/2023\/06\/IMG_2586.jpeg 1536w\" sizes=\"auto, (max-width: 768px) 100vw, 768px\" \/><\/a><\/figure>\n\n\n\n<figure class=\"wp-block-image size-large\"><a href=\"https:\/\/zivogosce.cz\/hr\/wp-content\/uploads\/2023\/06\/IMG_2602.jpeg\"><img loading=\"lazy\" decoding=\"async\" width=\"768\" height=\"1024\" data-id=\"616\" src=\"https:\/\/zivogosce.cz\/hr\/wp-content\/uploads\/2023\/06\/IMG_2602-768x1024.jpeg\" alt=\"\" class=\"wp-image-616\" srcset=\"https:\/\/zivogosce.cz\/hr\/wp-content\/uploads\/2023\/06\/IMG_2602-768x1025.jpeg 768w, https:\/\/zivogosce.cz\/hr\/wp-content\/uploads\/2023\/06\/IMG_2602-225x300.jpeg 225w, https:\/\/zivogosce.cz\/hr\/wp-content\/uploads\/2023\/06\/IMG_2602-1151x1536.jpeg 1151w, https:\/\/zivogosce.cz\/hr\/wp-content\/uploads\/2023\/06\/IMG_2602.jpeg 1536w\" sizes=\"auto, (max-width: 768px) 100vw, 768px\" \/><\/a><\/figure>\n\n\n\n<figure class=\"wp-block-image size-large\"><a href=\"https:\/\/zivogosce.cz\/hr\/wp-content\/uploads\/2025\/10\/IMG_8662-scaled.jpeg\"><img loading=\"lazy\" decoding=\"async\" width=\"1024\" height=\"768\" data-id=\"880\" src=\"https:\/\/zivogosce.cz\/hr\/wp-content\/uploads\/2025\/10\/IMG_8662-1024x768.jpeg\" alt=\"\" class=\"wp-image-880\" srcset=\"https:\/\/zivogosce.cz\/hr\/wp-content\/uploads\/2025\/10\/IMG_8662-1024x768.jpeg 1024w, https:\/\/zivogosce.cz\/hr\/wp-content\/uploads\/2025\/10\/IMG_8662-300x225.jpeg 300w, https:\/\/zivogosce.cz\/hr\/wp-content\/uploads\/2025\/10\/IMG_8662-768x576.jpeg 768w, https:\/\/zivogosce.cz\/hr\/wp-content\/uploads\/2025\/10\/IMG_8662-1536x1152.jpeg 1536w, https:\/\/zivogosce.cz\/hr\/wp-content\/uploads\/2025\/10\/IMG_8662-2048x1536.jpeg 2048w, https:\/\/zivogosce.cz\/hr\/wp-content\/uploads\/2025\/10\/IMG_8662-390x293.jpeg 390w\" sizes=\"auto, (max-width: 1024px) 100vw, 1024px\" \/><\/a><\/figure>\n\n\n\n<figure class=\"wp-block-image size-large\"><a href=\"https:\/\/zivogosce.cz\/hr\/wp-content\/uploads\/2023\/06\/IMG_2601.jpeg\"><img loading=\"lazy\" decoding=\"async\" width=\"768\" height=\"1024\" data-id=\"614\" src=\"https:\/\/zivogosce.cz\/hr\/wp-content\/uploads\/2023\/06\/IMG_2601-768x1024.jpeg\" alt=\"\" class=\"wp-image-614\" srcset=\"https:\/\/zivogosce.cz\/hr\/wp-content\/uploads\/2023\/06\/IMG_2601-768x1025.jpeg 768w, https:\/\/zivogosce.cz\/hr\/wp-content\/uploads\/2023\/06\/IMG_2601-225x300.jpeg 225w, https:\/\/zivogosce.cz\/hr\/wp-content\/uploads\/2023\/06\/IMG_2601-1151x1536.jpeg 1151w, https:\/\/zivogosce.cz\/hr\/wp-content\/uploads\/2023\/06\/IMG_2601.jpeg 1536w\" sizes=\"auto, (max-width: 768px) 100vw, 768px\" \/><\/a><\/figure>\n<\/figure>\n\n\n\n<p><\/p>\n","protected":false},"excerpt":{"rendered":"<p>Soba 12 &#8211; 12 m2 Udobna soba s bra\u010dnim krevetom i balkonom s prekrasnim pogledom na more. Savr\u0161ena za parove koji tra\u017ee miran i ugodan smje\u0161taj blizu pla\u017ee. \ud83d\udecf\ufe0f Soba \u2192 Bra\u010dni krevet, klima ure\u0111aj, ormar \u2192 Privatna kupaonica s tu\u0161em, WC-om i umivaonikom \u2192 Balkon s pogledom na more i mjestom za sjedenje \ud83c\udf73 [&hellip;]<\/p>\n","protected":false},"author":1,"featured_media":659,"parent":318,"menu_order":8,"comment_status":"closed","ping_status":"closed","template":"","meta":{"footnotes":""},"class_list":["post-37","page","type-page","status-publish","has-post-thumbnail","hentry"],"_links":{"self":[{"href":"https:\/\/zivogosce.cz\/hr\/wp-json\/wp\/v2\/pages\/37","targetHints":{"allow":["GET"]}}],"collection":[{"href":"https:\/\/zivogosce.cz\/hr\/wp-json\/wp\/v2\/pages"}],"about":[{"href":"https:\/\/zivogosce.cz\/hr\/wp-json\/wp\/v2\/types\/page"}],"author":[{"embeddable":true,"href":"https:\/\/zivogosce.cz\/hr\/wp-json\/wp\/v2\/users\/1"}],"replies":[{"embeddable":true,"href":"https:\/\/zivogosce.cz\/hr\/wp-json\/wp\/v2\/comments?post=37"}],"version-history":[{"count":13,"href":"https:\/\/zivogosce.cz\/hr\/wp-json\/wp\/v2\/pages\/37\/revisions"}],"predecessor-version":[{"id":881,"href":"https:\/\/zivogosce.cz\/hr\/wp-json\/wp\/v2\/pages\/37\/revisions\/881"}],"up":[{"embeddable":true,"href":"https:\/\/zivogosce.cz\/hr\/wp-json\/wp\/v2\/pages\/318"}],"wp:featuredmedia":[{"embeddable":true,"href":"https:\/\/zivogosce.cz\/hr\/wp-json\/wp\/v2\/media\/659"}],"wp:attachment":[{"href":"https:\/\/zivogosce.cz\/hr\/wp-json\/wp\/v2\/media?parent=37"}],"curies":[{"name":"wp","href":"https:\/\/api.w.org\/{rel}","templated":true}]}}