{"id":343,"date":"2023-05-16T13:44:25","date_gmt":"2023-05-16T11:44:25","guid":{"rendered":"https:\/\/zivogosce.cz\/hr\/?page_id=343"},"modified":"2023-07-08T17:05:43","modified_gmt":"2023-07-08T15:05:43","slug":"about","status":"publish","type":"page","link":"https:\/\/zivogosce.cz\/hr\/about\/","title":{"rendered":"O nama"},"content":{"rendered":"\n<h2 class=\"wp-block-heading\">Dobro do\u0161li u pansion Villa Alena<\/h2>\n\n\n\n<p>Pansion Villa Alena u vlasni\u0161tvu je \u010de\u0161ko-hrvatske obitelji \u0160karica. Vlasnik i osoba koja je svojim rukama izgradila pansion Nedjeljko za \u017eivotnu dru\u017eicu odabrao je gospo\u0111u Alenu iz Praga, koja je pansionu dala \u010de\u0161ku du\u0161u. Trenuta\u010dno pansionom upravljaju njegov stariji sin Tomo i supruga Denisa.<\/p>\n\n\n\n<p>Pansion je izgra\u0111en 1968. godine kao jednokatnica sa 5 soba. Godine 2001. dogra\u0111en je kat i sobe su pretvorene u apartmane. Pansion sada ima ukupno 5 apartmana i soba.<\/p>\n\n\n\n<p>Za sljede\u0107u sezonu planirana je kompletna rekonstrukcija soba i apartmana na prvom katu.<\/p>\n\n\n\n<p>Neosporna prednost pansiona je kako ku\u0107ni ambijent, tako i prostrano okru\u017eenje ku\u0107e, gdje se nalaze povrtnjaci, vrt sa kornja\u010dama, prostrani ro\u0161tilj za dru\u017eenje s prijateljima i, na kraju, ali ne manje va\u017eno, bazen za opu\u0161tanje.<\/p>\n\n\n\n<p>&nbsp;<\/p>\n\n\n\n<figure class=\"wp-block-image size-large is-resized\"><img loading=\"lazy\" decoding=\"async\" src=\"https:\/\/zivogosce.cz\/hr\/wp-content\/uploads\/2023\/06\/IMG_0602-1024x768.jpg\" alt=\"\" class=\"wp-image-436\" width=\"839\" height=\"629\" srcset=\"https:\/\/zivogosce.cz\/hr\/wp-content\/uploads\/2023\/06\/IMG_0602-1024x768.jpg 1024w, https:\/\/zivogosce.cz\/hr\/wp-content\/uploads\/2023\/06\/IMG_0602-300x225.jpg 300w, https:\/\/zivogosce.cz\/hr\/wp-content\/uploads\/2023\/06\/IMG_0602-768x576.jpg 768w, https:\/\/zivogosce.cz\/hr\/wp-content\/uploads\/2023\/06\/IMG_0602-1536x1152.jpg 1536w, https:\/\/zivogosce.cz\/hr\/wp-content\/uploads\/2023\/06\/IMG_0602-2048x1536.jpg 2048w, https:\/\/zivogosce.cz\/hr\/wp-content\/uploads\/2023\/06\/IMG_0602-390x293.jpg 390w\" sizes=\"auto, (max-width: 839px) 100vw, 839px\" \/><\/figure>\n\n\n\n<p>&nbsp;<\/p>\n","protected":false},"excerpt":{"rendered":"<p>Dobro do\u0161li u pansion Villa Alena Pansion Villa Alena u vlasni\u0161tvu je \u010de\u0161ko-hrvatske obitelji \u0160karica. Vlasnik i osoba koja je svojim rukama izgradila pansion Nedjeljko za \u017eivotnu dru\u017eicu odabrao je gospo\u0111u Alenu iz Praga, koja je pansionu dala \u010de\u0161ku du\u0161u. Trenuta\u010dno pansionom upravljaju njegov stariji sin Tomo i supruga Denisa. Pansion je izgra\u0111en 1968. godine [&hellip;]<\/p>\n","protected":false},"author":1,"featured_media":644,"parent":0,"menu_order":0,"comment_status":"closed","ping_status":"closed","template":"","meta":{"footnotes":""},"class_list":["post-343","page","type-page","status-publish","has-post-thumbnail","hentry"],"_links":{"self":[{"href":"https:\/\/zivogosce.cz\/hr\/wp-json\/wp\/v2\/pages\/343","targetHints":{"allow":["GET"]}}],"collection":[{"href":"https:\/\/zivogosce.cz\/hr\/wp-json\/wp\/v2\/pages"}],"about":[{"href":"https:\/\/zivogosce.cz\/hr\/wp-json\/wp\/v2\/types\/page"}],"author":[{"embeddable":true,"href":"https:\/\/zivogosce.cz\/hr\/wp-json\/wp\/v2\/users\/1"}],"replies":[{"embeddable":true,"href":"https:\/\/zivogosce.cz\/hr\/wp-json\/wp\/v2\/comments?post=343"}],"version-history":[{"count":10,"href":"https:\/\/zivogosce.cz\/hr\/wp-json\/wp\/v2\/pages\/343\/revisions"}],"predecessor-version":[{"id":725,"href":"https:\/\/zivogosce.cz\/hr\/wp-json\/wp\/v2\/pages\/343\/revisions\/725"}],"wp:featuredmedia":[{"embeddable":true,"href":"https:\/\/zivogosce.cz\/hr\/wp-json\/wp\/v2\/media\/644"}],"wp:attachment":[{"href":"https:\/\/zivogosce.cz\/hr\/wp-json\/wp\/v2\/media?parent=343"}],"curies":[{"name":"wp","href":"https:\/\/api.w.org\/{rel}","templated":true}]}}