{"id":31,"date":"2023-04-08T13:38:05","date_gmt":"2023-04-08T11:38:05","guid":{"rendered":"https:\/\/zivogosce.cz\/hr\/?page_id=31"},"modified":"2024-11-13T11:17:48","modified_gmt":"2024-11-13T10:17:48","slug":"apartman-11","status":"publish","type":"page","link":"https:\/\/zivogosce.cz\/hr\/rooms\/apartman-11\/","title":{"rendered":"Apartman 11"},"content":{"rendered":"\n<h3 class=\"wp-block-heading\">Apartman 11 &#8211; 25 m<sup>2<\/sup><\/h3>\n\n\n\n<p>Atraktivan apartman na prvom katu za dvoje s pomo\u0107nim le\u017eajem i pogledom na more.<\/p>\n\n\n\n<p>Ispred apartmana je velika terasa koja se tako\u0111er mo\u017ee koristiti.<\/p>\n\n\n\n<hr class=\"wp-block-separator has-alpha-channel-opacity\"\/>\n\n\n\n<figure class=\"wp-block-gallery has-nested-images columns-default is-cropped wp-block-gallery-1 is-layout-flex wp-block-gallery-is-layout-flex\">\n<figure class=\"wp-block-image size-large\"><img loading=\"lazy\" decoding=\"async\" width=\"1024\" height=\"768\" data-id=\"804\" src=\"https:\/\/zivogosce.cz\/hr\/wp-content\/uploads\/2024\/06\/IMG_8699-1-1024x768.jpeg\" alt=\"\" class=\"wp-image-804\" srcset=\"https:\/\/zivogosce.cz\/hr\/wp-content\/uploads\/2024\/06\/IMG_8699-1-1024x768.jpeg 1024w, https:\/\/zivogosce.cz\/hr\/wp-content\/uploads\/2024\/06\/IMG_8699-1-300x225.jpeg 300w, https:\/\/zivogosce.cz\/hr\/wp-content\/uploads\/2024\/06\/IMG_8699-1-768x576.jpeg 768w, https:\/\/zivogosce.cz\/hr\/wp-content\/uploads\/2024\/06\/IMG_8699-1-1536x1152.jpeg 1536w, https:\/\/zivogosce.cz\/hr\/wp-content\/uploads\/2024\/06\/IMG_8699-1-2048x1536.jpeg 2048w, https:\/\/zivogosce.cz\/hr\/wp-content\/uploads\/2024\/06\/IMG_8699-1-390x293.jpeg 390w\" sizes=\"auto, (max-width: 1024px) 100vw, 1024px\" \/><\/figure>\n\n\n\n<figure class=\"wp-block-image size-large\"><img loading=\"lazy\" decoding=\"async\" width=\"1024\" height=\"768\" data-id=\"805\" src=\"https:\/\/zivogosce.cz\/hr\/wp-content\/uploads\/2024\/06\/IMG_8705-1024x768.jpeg\" alt=\"\" class=\"wp-image-805\" srcset=\"https:\/\/zivogosce.cz\/hr\/wp-content\/uploads\/2024\/06\/IMG_8705-1024x768.jpeg 1024w, https:\/\/zivogosce.cz\/hr\/wp-content\/uploads\/2024\/06\/IMG_8705-300x225.jpeg 300w, https:\/\/zivogosce.cz\/hr\/wp-content\/uploads\/2024\/06\/IMG_8705-768x576.jpeg 768w, https:\/\/zivogosce.cz\/hr\/wp-content\/uploads\/2024\/06\/IMG_8705-1536x1152.jpeg 1536w, https:\/\/zivogosce.cz\/hr\/wp-content\/uploads\/2024\/06\/IMG_8705-2048x1536.jpeg 2048w, https:\/\/zivogosce.cz\/hr\/wp-content\/uploads\/2024\/06\/IMG_8705-390x293.jpeg 390w\" sizes=\"auto, (max-width: 1024px) 100vw, 1024px\" \/><\/figure>\n\n\n\n<figure class=\"wp-block-image size-large\"><img loading=\"lazy\" decoding=\"async\" width=\"768\" height=\"1024\" data-id=\"802\" src=\"https:\/\/zivogosce.cz\/hr\/wp-content\/uploads\/2024\/06\/IMG_8710-768x1024.jpeg\" alt=\"\" class=\"wp-image-802\" srcset=\"https:\/\/zivogosce.cz\/hr\/wp-content\/uploads\/2024\/06\/IMG_8710-768x1024.jpeg 768w, https:\/\/zivogosce.cz\/hr\/wp-content\/uploads\/2024\/06\/IMG_8710-225x300.jpeg 225w, https:\/\/zivogosce.cz\/hr\/wp-content\/uploads\/2024\/06\/IMG_8710-1152x1536.jpeg 1152w, https:\/\/zivogosce.cz\/hr\/wp-content\/uploads\/2024\/06\/IMG_8710-1536x2048.jpeg 1536w, https:\/\/zivogosce.cz\/hr\/wp-content\/uploads\/2024\/06\/IMG_8710-scaled.jpeg 1920w\" sizes=\"auto, (max-width: 768px) 100vw, 768px\" \/><\/figure>\n\n\n\n<figure class=\"wp-block-image size-large\"><img loading=\"lazy\" decoding=\"async\" width=\"1024\" height=\"768\" data-id=\"806\" src=\"https:\/\/zivogosce.cz\/hr\/wp-content\/uploads\/2024\/06\/IMG_8704-1024x768.jpeg\" alt=\"\" class=\"wp-image-806\" srcset=\"https:\/\/zivogosce.cz\/hr\/wp-content\/uploads\/2024\/06\/IMG_8704-1024x768.jpeg 1024w, https:\/\/zivogosce.cz\/hr\/wp-content\/uploads\/2024\/06\/IMG_8704-300x225.jpeg 300w, https:\/\/zivogosce.cz\/hr\/wp-content\/uploads\/2024\/06\/IMG_8704-768x576.jpeg 768w, https:\/\/zivogosce.cz\/hr\/wp-content\/uploads\/2024\/06\/IMG_8704-1536x1152.jpeg 1536w, https:\/\/zivogosce.cz\/hr\/wp-content\/uploads\/2024\/06\/IMG_8704-2048x1536.jpeg 2048w, https:\/\/zivogosce.cz\/hr\/wp-content\/uploads\/2024\/06\/IMG_8704-390x293.jpeg 390w\" sizes=\"auto, (max-width: 1024px) 100vw, 1024px\" \/><\/figure>\n\n\n\n<figure class=\"wp-block-image size-large\"><img loading=\"lazy\" decoding=\"async\" width=\"768\" height=\"1024\" data-id=\"605\" src=\"https:\/\/zivogosce.cz\/hr\/wp-content\/uploads\/2023\/06\/IMG_2424-768x1024.jpeg\" alt=\"\" class=\"wp-image-605\" srcset=\"https:\/\/zivogosce.cz\/hr\/wp-content\/uploads\/2023\/06\/IMG_2424-768x1025.jpeg 768w, https:\/\/zivogosce.cz\/hr\/wp-content\/uploads\/2023\/06\/IMG_2424-225x300.jpeg 225w, https:\/\/zivogosce.cz\/hr\/wp-content\/uploads\/2023\/06\/IMG_2424-1151x1536.jpeg 1151w, https:\/\/zivogosce.cz\/hr\/wp-content\/uploads\/2023\/06\/IMG_2424.jpeg 1536w\" sizes=\"auto, (max-width: 768px) 100vw, 768px\" \/><\/figure>\n\n\n\n<figure class=\"wp-block-image size-large\"><img loading=\"lazy\" decoding=\"async\" width=\"242\" height=\"355\" data-id=\"535\" src=\"https:\/\/zivogosce.cz\/hr\/wp-content\/uploads\/2023\/06\/terasa1_2-3.jpg\" alt=\"\" class=\"wp-image-535\" srcset=\"https:\/\/zivogosce.cz\/hr\/wp-content\/uploads\/2023\/06\/terasa1_2-3.jpg 242w, https:\/\/zivogosce.cz\/hr\/wp-content\/uploads\/2023\/06\/terasa1_2-3-205x300.jpg 205w\" sizes=\"auto, (max-width: 242px) 100vw, 242px\" \/><\/figure>\n\n\n\n<figure class=\"wp-block-image size-large\"><img loading=\"lazy\" decoding=\"async\" width=\"365\" height=\"232\" data-id=\"541\" src=\"https:\/\/zivogosce.cz\/hr\/wp-content\/uploads\/2023\/06\/terasa1pogled_1-2.jpg\" alt=\"\" class=\"wp-image-541\" srcset=\"https:\/\/zivogosce.cz\/hr\/wp-content\/uploads\/2023\/06\/terasa1pogled_1-2.jpg 365w, https:\/\/zivogosce.cz\/hr\/wp-content\/uploads\/2023\/06\/terasa1pogled_1-2-300x191.jpg 300w\" sizes=\"auto, (max-width: 365px) 100vw, 365px\" \/><\/figure>\n\n\n\n<figure class=\"wp-block-image size-large\"><img loading=\"lazy\" decoding=\"async\" width=\"365\" height=\"232\" data-id=\"542\" src=\"https:\/\/zivogosce.cz\/hr\/wp-content\/uploads\/2023\/06\/terasa1pogled_2-1.jpg\" alt=\"\" class=\"wp-image-542\" srcset=\"https:\/\/zivogosce.cz\/hr\/wp-content\/uploads\/2023\/06\/terasa1pogled_2-1.jpg 365w, https:\/\/zivogosce.cz\/hr\/wp-content\/uploads\/2023\/06\/terasa1pogled_2-1-300x191.jpg 300w\" sizes=\"auto, (max-width: 365px) 100vw, 365px\" \/><\/figure>\n<\/figure>\n","protected":false},"excerpt":{"rendered":"<p>Apartman 11 &#8211; 25 m2 Atraktivan apartman na prvom katu za dvoje s pomo\u0107nim le\u017eajem i pogledom na more. Ispred apartmana je velika terasa koja se tako\u0111er mo\u017ee koristiti.<\/p>\n","protected":false},"author":1,"featured_media":804,"parent":318,"menu_order":5,"comment_status":"closed","ping_status":"closed","template":"","meta":{"footnotes":""},"class_list":["post-31","page","type-page","status-publish","has-post-thumbnail","hentry"],"_links":{"self":[{"href":"https:\/\/zivogosce.cz\/hr\/wp-json\/wp\/v2\/pages\/31","targetHints":{"allow":["GET"]}}],"collection":[{"href":"https:\/\/zivogosce.cz\/hr\/wp-json\/wp\/v2\/pages"}],"about":[{"href":"https:\/\/zivogosce.cz\/hr\/wp-json\/wp\/v2\/types\/page"}],"author":[{"embeddable":true,"href":"https:\/\/zivogosce.cz\/hr\/wp-json\/wp\/v2\/users\/1"}],"replies":[{"embeddable":true,"href":"https:\/\/zivogosce.cz\/hr\/wp-json\/wp\/v2\/comments?post=31"}],"version-history":[{"count":13,"href":"https:\/\/zivogosce.cz\/hr\/wp-json\/wp\/v2\/pages\/31\/revisions"}],"predecessor-version":[{"id":809,"href":"https:\/\/zivogosce.cz\/hr\/wp-json\/wp\/v2\/pages\/31\/revisions\/809"}],"up":[{"embeddable":true,"href":"https:\/\/zivogosce.cz\/hr\/wp-json\/wp\/v2\/pages\/318"}],"wp:featuredmedia":[{"embeddable":true,"href":"https:\/\/zivogosce.cz\/hr\/wp-json\/wp\/v2\/media\/804"}],"wp:attachment":[{"href":"https:\/\/zivogosce.cz\/hr\/wp-json\/wp\/v2\/media?parent=31"}],"curies":[{"name":"wp","href":"https:\/\/api.w.org\/{rel}","templated":true}]}}