{"id":29,"date":"2023-04-08T13:37:25","date_gmt":"2023-04-08T11:37:25","guid":{"rendered":"https:\/\/zivogosce.cz\/hr\/?page_id=29"},"modified":"2025-10-08T11:47:35","modified_gmt":"2025-10-08T09:47:35","slug":"apartman-01","status":"publish","type":"page","link":"https:\/\/zivogosce.cz\/hr\/rooms\/apartman-01\/","title":{"rendered":"Apartman 01"},"content":{"rendered":"\n<h3 class=\"wp-block-heading\">Apartman 01 &#8211; 35 m<sup>2<\/sup><\/h3>\n\n\n\n<p>Udoban apartman u prizemlju, savr\u0161en za obitelji s djecom ili starije goste. Nudi prostranu kuhinju s dnevnim boravkom, odvojenu spava\u0107u sobu i privatnu terasu okru\u017eenu zelenilom.<\/p>\n\n\n\n<p>\ud83d\udecf\ufe0f Spava\u0107a soba<\/p>\n\n\n\n<p>\u2192 Bra\u010dni krevet + jedan jednokrevetni (za 3 osobe)<\/p>\n\n\n\n<p>\u2192 Klima ure\u0111aj, ormar, izlaz na terasu<\/p>\n\n\n\n<p>\ud83d\udecb\ufe0f Dnevni boravak s kuhinjom<\/p>\n\n\n\n<p>\u2192 Kau\u010d na rasklapanje, blagovaonski stol<\/p>\n\n\n\n<p>\u2192 Potpuno opremljena kuhinja s hladnjakom, mikrovalnom pe\u0107nicom, kuhalom za vodu i plo\u010dom za kuhanje<\/p>\n\n\n\n<p>\ud83d\udebf Kupaonica<\/p>\n\n\n\n<p>\u2192 Tu\u0161 kabina, WC i umivaonik<\/p>\n\n\n\n<p>\ud83c\udf3f Terasa<\/p>\n\n\n\n<p>\u2192 Privatna terasa s sjedalom i tendom, okru\u017eena biljkama \u2013 idealna za jutarnju kavu ili ve\u010dernji odmor<\/p>\n\n\n\n<p>Apartman 01 je svijetao, prakti\u010dan i nudi ugodan boravak blizu mora.<\/p>\n\n\n\n<hr class=\"wp-block-separator has-alpha-channel-opacity\"\/>\n\n\n\n<figure class=\"wp-block-gallery has-nested-images columns-default is-cropped wp-block-gallery-1 is-layout-flex wp-block-gallery-is-layout-flex\">\n<figure class=\"wp-block-image size-large\"><a href=\"https:\/\/zivogosce.cz\/hr\/wp-content\/uploads\/2024\/06\/IMG_8832-1-scaled.jpeg\"><img loading=\"lazy\" decoding=\"async\" width=\"1024\" height=\"768\" data-id=\"797\" src=\"https:\/\/zivogosce.cz\/hr\/wp-content\/uploads\/2024\/06\/IMG_8832-1-1024x768.jpeg\" alt=\"\" class=\"wp-image-797\" srcset=\"https:\/\/zivogosce.cz\/hr\/wp-content\/uploads\/2024\/06\/IMG_8832-1-1024x768.jpeg 1024w, https:\/\/zivogosce.cz\/hr\/wp-content\/uploads\/2024\/06\/IMG_8832-1-300x225.jpeg 300w, https:\/\/zivogosce.cz\/hr\/wp-content\/uploads\/2024\/06\/IMG_8832-1-768x576.jpeg 768w, https:\/\/zivogosce.cz\/hr\/wp-content\/uploads\/2024\/06\/IMG_8832-1-1536x1152.jpeg 1536w, https:\/\/zivogosce.cz\/hr\/wp-content\/uploads\/2024\/06\/IMG_8832-1-2048x1536.jpeg 2048w, https:\/\/zivogosce.cz\/hr\/wp-content\/uploads\/2024\/06\/IMG_8832-1-390x293.jpeg 390w\" sizes=\"auto, (max-width: 1024px) 100vw, 1024px\" \/><\/a><\/figure>\n\n\n\n<figure class=\"wp-block-image size-large\"><a href=\"https:\/\/zivogosce.cz\/hr\/wp-content\/uploads\/2024\/06\/IMG_8843-scaled.jpeg\"><img loading=\"lazy\" decoding=\"async\" width=\"1024\" height=\"768\" data-id=\"798\" src=\"https:\/\/zivogosce.cz\/hr\/wp-content\/uploads\/2024\/06\/IMG_8843-1024x768.jpeg\" alt=\"\" class=\"wp-image-798\" srcset=\"https:\/\/zivogosce.cz\/hr\/wp-content\/uploads\/2024\/06\/IMG_8843-1024x768.jpeg 1024w, https:\/\/zivogosce.cz\/hr\/wp-content\/uploads\/2024\/06\/IMG_8843-300x225.jpeg 300w, https:\/\/zivogosce.cz\/hr\/wp-content\/uploads\/2024\/06\/IMG_8843-768x576.jpeg 768w, https:\/\/zivogosce.cz\/hr\/wp-content\/uploads\/2024\/06\/IMG_8843-1536x1152.jpeg 1536w, https:\/\/zivogosce.cz\/hr\/wp-content\/uploads\/2024\/06\/IMG_8843-2048x1536.jpeg 2048w, https:\/\/zivogosce.cz\/hr\/wp-content\/uploads\/2024\/06\/IMG_8843-390x293.jpeg 390w\" sizes=\"auto, (max-width: 1024px) 100vw, 1024px\" \/><\/a><\/figure>\n\n\n\n<figure class=\"wp-block-image size-large\"><a href=\"https:\/\/zivogosce.cz\/hr\/wp-content\/uploads\/2024\/06\/IMG_8838-scaled.jpeg\"><img loading=\"lazy\" decoding=\"async\" width=\"1024\" height=\"768\" data-id=\"800\" src=\"https:\/\/zivogosce.cz\/hr\/wp-content\/uploads\/2024\/06\/IMG_8838-1024x768.jpeg\" alt=\"\" class=\"wp-image-800\" srcset=\"https:\/\/zivogosce.cz\/hr\/wp-content\/uploads\/2024\/06\/IMG_8838-1024x768.jpeg 1024w, https:\/\/zivogosce.cz\/hr\/wp-content\/uploads\/2024\/06\/IMG_8838-300x225.jpeg 300w, https:\/\/zivogosce.cz\/hr\/wp-content\/uploads\/2024\/06\/IMG_8838-768x576.jpeg 768w, https:\/\/zivogosce.cz\/hr\/wp-content\/uploads\/2024\/06\/IMG_8838-1536x1152.jpeg 1536w, https:\/\/zivogosce.cz\/hr\/wp-content\/uploads\/2024\/06\/IMG_8838-2048x1536.jpeg 2048w, https:\/\/zivogosce.cz\/hr\/wp-content\/uploads\/2024\/06\/IMG_8838-390x293.jpeg 390w\" sizes=\"auto, (max-width: 1024px) 100vw, 1024px\" \/><\/a><\/figure>\n\n\n\n<figure class=\"wp-block-image size-large\"><a href=\"https:\/\/zivogosce.cz\/hr\/wp-content\/uploads\/2023\/09\/IMG_2245-scaled.jpeg\"><img loading=\"lazy\" decoding=\"async\" width=\"1024\" height=\"768\" data-id=\"752\" src=\"https:\/\/zivogosce.cz\/hr\/wp-content\/uploads\/2023\/09\/IMG_2245-1024x768.jpeg\" alt=\"\" class=\"wp-image-752\" srcset=\"https:\/\/zivogosce.cz\/hr\/wp-content\/uploads\/2023\/09\/IMG_2245-1024x768.jpeg 1024w, https:\/\/zivogosce.cz\/hr\/wp-content\/uploads\/2023\/09\/IMG_2245-300x225.jpeg 300w, https:\/\/zivogosce.cz\/hr\/wp-content\/uploads\/2023\/09\/IMG_2245-768x576.jpeg 768w, https:\/\/zivogosce.cz\/hr\/wp-content\/uploads\/2023\/09\/IMG_2245-1536x1152.jpeg 1536w, https:\/\/zivogosce.cz\/hr\/wp-content\/uploads\/2023\/09\/IMG_2245-2048x1536.jpeg 2048w, https:\/\/zivogosce.cz\/hr\/wp-content\/uploads\/2023\/09\/IMG_2245-390x293.jpeg 390w\" sizes=\"auto, (max-width: 1024px) 100vw, 1024px\" \/><\/a><\/figure>\n\n\n\n<figure class=\"wp-block-image size-large\"><a href=\"https:\/\/zivogosce.cz\/hr\/wp-content\/uploads\/2025\/10\/IMG_8470-scaled.jpeg\"><img loading=\"lazy\" decoding=\"async\" width=\"1024\" height=\"768\" data-id=\"874\" src=\"https:\/\/zivogosce.cz\/hr\/wp-content\/uploads\/2025\/10\/IMG_8470-1024x768.jpeg\" alt=\"\" class=\"wp-image-874\" srcset=\"https:\/\/zivogosce.cz\/hr\/wp-content\/uploads\/2025\/10\/IMG_8470-1024x768.jpeg 1024w, https:\/\/zivogosce.cz\/hr\/wp-content\/uploads\/2025\/10\/IMG_8470-300x225.jpeg 300w, https:\/\/zivogosce.cz\/hr\/wp-content\/uploads\/2025\/10\/IMG_8470-768x576.jpeg 768w, https:\/\/zivogosce.cz\/hr\/wp-content\/uploads\/2025\/10\/IMG_8470-1536x1152.jpeg 1536w, https:\/\/zivogosce.cz\/hr\/wp-content\/uploads\/2025\/10\/IMG_8470-2048x1536.jpeg 2048w, https:\/\/zivogosce.cz\/hr\/wp-content\/uploads\/2025\/10\/IMG_8470-390x293.jpeg 390w\" sizes=\"auto, (max-width: 1024px) 100vw, 1024px\" \/><\/a><\/figure>\n<\/figure>\n","protected":false},"excerpt":{"rendered":"<p>Apartman 01 &#8211; 35 m2 Udoban apartman u prizemlju, savr\u0161en za obitelji s djecom ili starije goste. Nudi prostranu kuhinju s dnevnim boravkom, odvojenu spava\u0107u sobu i privatnu terasu okru\u017eenu zelenilom. \ud83d\udecf\ufe0f Spava\u0107a soba \u2192 Bra\u010dni krevet + jedan jednokrevetni (za 3 osobe) \u2192 Klima ure\u0111aj, ormar, izlaz na terasu \ud83d\udecb\ufe0f Dnevni boravak s kuhinjom [&hellip;]<\/p>\n","protected":false},"author":1,"featured_media":797,"parent":318,"menu_order":4,"comment_status":"closed","ping_status":"closed","template":"","meta":{"footnotes":""},"class_list":["post-29","page","type-page","status-publish","has-post-thumbnail","hentry"],"_links":{"self":[{"href":"https:\/\/zivogosce.cz\/hr\/wp-json\/wp\/v2\/pages\/29","targetHints":{"allow":["GET"]}}],"collection":[{"href":"https:\/\/zivogosce.cz\/hr\/wp-json\/wp\/v2\/pages"}],"about":[{"href":"https:\/\/zivogosce.cz\/hr\/wp-json\/wp\/v2\/types\/page"}],"author":[{"embeddable":true,"href":"https:\/\/zivogosce.cz\/hr\/wp-json\/wp\/v2\/users\/1"}],"replies":[{"embeddable":true,"href":"https:\/\/zivogosce.cz\/hr\/wp-json\/wp\/v2\/comments?post=29"}],"version-history":[{"count":13,"href":"https:\/\/zivogosce.cz\/hr\/wp-json\/wp\/v2\/pages\/29\/revisions"}],"predecessor-version":[{"id":876,"href":"https:\/\/zivogosce.cz\/hr\/wp-json\/wp\/v2\/pages\/29\/revisions\/876"}],"up":[{"embeddable":true,"href":"https:\/\/zivogosce.cz\/hr\/wp-json\/wp\/v2\/pages\/318"}],"wp:featuredmedia":[{"embeddable":true,"href":"https:\/\/zivogosce.cz\/hr\/wp-json\/wp\/v2\/media\/797"}],"wp:attachment":[{"href":"https:\/\/zivogosce.cz\/hr\/wp-json\/wp\/v2\/media?parent=29"}],"curies":[{"name":"wp","href":"https:\/\/api.w.org\/{rel}","templated":true}]}}