{"id":25,"date":"2023-04-07T19:08:43","date_gmt":"2023-04-07T17:08:43","guid":{"rendered":"https:\/\/zivogosce.cz\/hr\/?page_id=25"},"modified":"2025-10-07T11:31:58","modified_gmt":"2025-10-07T09:31:58","slug":"apartman-2","status":"publish","type":"page","link":"https:\/\/zivogosce.cz\/hr\/rooms\/apartman-2\/","title":{"rendered":"Apartman 22"},"content":{"rendered":"\n<h3 class=\"wp-block-heading\">Apartman 22 &#8211; 50 m<sup>2<\/sup><\/h3>\n\n\n\n<p>Moderan i ugodan apartman na drugom katu nudi udoban smje\u0161taj za obitelj ili parove. Svijetli interijer, prakti\u010dan raspored i prekrasan pogled na more stvaraju idealno mjesto za opu\u0161ten odmor.<\/p>\n\n\n\n<p>\ud83d\udecf\ufe0f Spava\u0107a soba<\/p>\n\n\n\n<p>\u2192 Bra\u010dni krevet i jedan samac (za 3 osobe)<\/p>\n\n\n\n<p>\u2192 Klima ure\u0111aj, ormar i izlaz na balkon s pogledom na more<\/p>\n\n\n\n<p>\ud83d\udecb\ufe0f Dnevni boravak<\/p>\n\n\n\n<p>\u2192 Kau\u010d na razvla\u010denje, TV i blagovaonski stol<\/p>\n\n\n\n<p>\u2192 Izlaz na balkon s garniturom za sjedenje i pogledom na more<\/p>\n\n\n\n<p>\ud83c\udf73 Kuhinja<\/p>\n\n\n\n<p>\u2192 Potpuno opremljena kuhinja s hladnjakom, mikrovalnom pe\u0107nicom i kuhalom za vodu<\/p>\n\n\n\n<p>\ud83d\udebf Kupaonica<\/p>\n\n\n\n<p>\u2192 Tu\u0161 kabina, WC i umivaonik<\/p>\n\n\n\n<p>\ud83c\udf05 Balkon<\/p>\n\n\n\n<p>\u2192 Prostran balkon s prekrasnim pogledom, pristup iz spava\u0107e sobe i dnevnog boravka<\/p>\n\n\n\n<p>Cijeli apartman odi\u0161e \u010disto\u0107om, svjetlo\u0161\u0107u i udobno\u0161\u0107u \u2013 savr\u0161en izbor za miran odmor uz more.<\/p>\n\n\n\n<hr class=\"wp-block-separator has-alpha-channel-opacity\"\/>\n\n\n\n<figure class=\"wp-block-gallery has-nested-images columns-default is-cropped wp-block-gallery-1 is-layout-flex wp-block-gallery-is-layout-flex\">\n<figure class=\"wp-block-image size-large\"><a href=\"https:\/\/zivogosce.cz\/hr\/wp-content\/uploads\/2024\/06\/IMG_8680-scaled.jpeg\"><img loading=\"lazy\" decoding=\"async\" width=\"1024\" height=\"683\" data-id=\"788\" src=\"https:\/\/zivogosce.cz\/hr\/wp-content\/uploads\/2024\/06\/IMG_8680-1024x683.jpeg\" alt=\"\" class=\"wp-image-788\" srcset=\"https:\/\/zivogosce.cz\/hr\/wp-content\/uploads\/2024\/06\/IMG_8680-1024x683.jpeg 1024w, https:\/\/zivogosce.cz\/hr\/wp-content\/uploads\/2024\/06\/IMG_8680-300x200.jpeg 300w, https:\/\/zivogosce.cz\/hr\/wp-content\/uploads\/2024\/06\/IMG_8680-768x512.jpeg 768w, https:\/\/zivogosce.cz\/hr\/wp-content\/uploads\/2024\/06\/IMG_8680-1536x1024.jpeg 1536w, https:\/\/zivogosce.cz\/hr\/wp-content\/uploads\/2024\/06\/IMG_8680-2048x1365.jpeg 2048w\" sizes=\"auto, (max-width: 1024px) 100vw, 1024px\" \/><\/a><\/figure>\n\n\n\n<figure class=\"wp-block-image size-large\"><a href=\"https:\/\/zivogosce.cz\/hr\/wp-content\/uploads\/2024\/06\/IMG_8677-scaled.jpeg\"><img loading=\"lazy\" decoding=\"async\" width=\"1024\" height=\"768\" data-id=\"795\" src=\"https:\/\/zivogosce.cz\/hr\/wp-content\/uploads\/2024\/06\/IMG_8677-1024x768.jpeg\" alt=\"\" class=\"wp-image-795\" srcset=\"https:\/\/zivogosce.cz\/hr\/wp-content\/uploads\/2024\/06\/IMG_8677-1024x768.jpeg 1024w, https:\/\/zivogosce.cz\/hr\/wp-content\/uploads\/2024\/06\/IMG_8677-300x225.jpeg 300w, https:\/\/zivogosce.cz\/hr\/wp-content\/uploads\/2024\/06\/IMG_8677-768x576.jpeg 768w, https:\/\/zivogosce.cz\/hr\/wp-content\/uploads\/2024\/06\/IMG_8677-1536x1152.jpeg 1536w, https:\/\/zivogosce.cz\/hr\/wp-content\/uploads\/2024\/06\/IMG_8677-2048x1536.jpeg 2048w, https:\/\/zivogosce.cz\/hr\/wp-content\/uploads\/2024\/06\/IMG_8677-390x293.jpeg 390w\" sizes=\"auto, (max-width: 1024px) 100vw, 1024px\" \/><\/a><\/figure>\n\n\n\n<figure class=\"wp-block-image size-large\"><a href=\"https:\/\/zivogosce.cz\/hr\/wp-content\/uploads\/2024\/06\/IMG_8676-scaled.jpeg\"><img loading=\"lazy\" decoding=\"async\" width=\"768\" height=\"1024\" data-id=\"789\" src=\"https:\/\/zivogosce.cz\/hr\/wp-content\/uploads\/2024\/06\/IMG_8676-768x1024.jpeg\" alt=\"\" class=\"wp-image-789\" srcset=\"https:\/\/zivogosce.cz\/hr\/wp-content\/uploads\/2024\/06\/IMG_8676-768x1024.jpeg 768w, https:\/\/zivogosce.cz\/hr\/wp-content\/uploads\/2024\/06\/IMG_8676-225x300.jpeg 225w, https:\/\/zivogosce.cz\/hr\/wp-content\/uploads\/2024\/06\/IMG_8676-1152x1536.jpeg 1152w, https:\/\/zivogosce.cz\/hr\/wp-content\/uploads\/2024\/06\/IMG_8676-1536x2048.jpeg 1536w, https:\/\/zivogosce.cz\/hr\/wp-content\/uploads\/2024\/06\/IMG_8676-scaled.jpeg 1920w\" sizes=\"auto, (max-width: 768px) 100vw, 768px\" \/><\/a><\/figure>\n\n\n\n<figure class=\"wp-block-image size-large\"><a href=\"https:\/\/zivogosce.cz\/hr\/wp-content\/uploads\/2024\/06\/IMG_8672-scaled.jpeg\"><img loading=\"lazy\" decoding=\"async\" width=\"1024\" height=\"781\" data-id=\"790\" src=\"https:\/\/zivogosce.cz\/hr\/wp-content\/uploads\/2024\/06\/IMG_8672-1024x781.jpeg\" alt=\"\" class=\"wp-image-790\" srcset=\"https:\/\/zivogosce.cz\/hr\/wp-content\/uploads\/2024\/06\/IMG_8672-1024x781.jpeg 1024w, https:\/\/zivogosce.cz\/hr\/wp-content\/uploads\/2024\/06\/IMG_8672-300x229.jpeg 300w, https:\/\/zivogosce.cz\/hr\/wp-content\/uploads\/2024\/06\/IMG_8672-768x585.jpeg 768w, https:\/\/zivogosce.cz\/hr\/wp-content\/uploads\/2024\/06\/IMG_8672-1536x1171.jpeg 1536w, https:\/\/zivogosce.cz\/hr\/wp-content\/uploads\/2024\/06\/IMG_8672-2048x1561.jpeg 2048w\" sizes=\"auto, (max-width: 1024px) 100vw, 1024px\" \/><\/a><\/figure>\n\n\n\n<figure class=\"wp-block-image size-large\"><a href=\"https:\/\/zivogosce.cz\/hr\/wp-content\/uploads\/2024\/06\/IMG_8673-1-scaled.jpeg\"><img loading=\"lazy\" decoding=\"async\" width=\"1024\" height=\"683\" data-id=\"791\" src=\"https:\/\/zivogosce.cz\/hr\/wp-content\/uploads\/2024\/06\/IMG_8673-1-1024x683.jpeg\" alt=\"\" class=\"wp-image-791\" srcset=\"https:\/\/zivogosce.cz\/hr\/wp-content\/uploads\/2024\/06\/IMG_8673-1-1024x683.jpeg 1024w, https:\/\/zivogosce.cz\/hr\/wp-content\/uploads\/2024\/06\/IMG_8673-1-300x200.jpeg 300w, https:\/\/zivogosce.cz\/hr\/wp-content\/uploads\/2024\/06\/IMG_8673-1-768x512.jpeg 768w, https:\/\/zivogosce.cz\/hr\/wp-content\/uploads\/2024\/06\/IMG_8673-1-1536x1024.jpeg 1536w, https:\/\/zivogosce.cz\/hr\/wp-content\/uploads\/2024\/06\/IMG_8673-1-2048x1365.jpeg 2048w\" sizes=\"auto, (max-width: 1024px) 100vw, 1024px\" \/><\/a><\/figure>\n\n\n\n<figure class=\"wp-block-image size-large\"><a href=\"https:\/\/zivogosce.cz\/hr\/wp-content\/uploads\/2024\/06\/IMG_8675-scaled.jpeg\"><img loading=\"lazy\" decoding=\"async\" width=\"1024\" height=\"768\" data-id=\"792\" src=\"https:\/\/zivogosce.cz\/hr\/wp-content\/uploads\/2024\/06\/IMG_8675-1024x768.jpeg\" alt=\"\" class=\"wp-image-792\" srcset=\"https:\/\/zivogosce.cz\/hr\/wp-content\/uploads\/2024\/06\/IMG_8675-1024x768.jpeg 1024w, https:\/\/zivogosce.cz\/hr\/wp-content\/uploads\/2024\/06\/IMG_8675-300x225.jpeg 300w, https:\/\/zivogosce.cz\/hr\/wp-content\/uploads\/2024\/06\/IMG_8675-768x576.jpeg 768w, https:\/\/zivogosce.cz\/hr\/wp-content\/uploads\/2024\/06\/IMG_8675-1536x1152.jpeg 1536w, https:\/\/zivogosce.cz\/hr\/wp-content\/uploads\/2024\/06\/IMG_8675-2048x1536.jpeg 2048w, https:\/\/zivogosce.cz\/hr\/wp-content\/uploads\/2024\/06\/IMG_8675-390x293.jpeg 390w\" sizes=\"auto, (max-width: 1024px) 100vw, 1024px\" \/><\/a><\/figure>\n\n\n\n<figure class=\"wp-block-image size-large\"><a href=\"https:\/\/zivogosce.cz\/hr\/wp-content\/uploads\/2024\/06\/IMG_8681-scaled.jpeg\"><img loading=\"lazy\" decoding=\"async\" width=\"768\" height=\"1024\" data-id=\"794\" src=\"https:\/\/zivogosce.cz\/hr\/wp-content\/uploads\/2024\/06\/IMG_8681-768x1024.jpeg\" alt=\"\" class=\"wp-image-794\" srcset=\"https:\/\/zivogosce.cz\/hr\/wp-content\/uploads\/2024\/06\/IMG_8681-768x1024.jpeg 768w, https:\/\/zivogosce.cz\/hr\/wp-content\/uploads\/2024\/06\/IMG_8681-225x300.jpeg 225w, https:\/\/zivogosce.cz\/hr\/wp-content\/uploads\/2024\/06\/IMG_8681-1152x1536.jpeg 1152w, https:\/\/zivogosce.cz\/hr\/wp-content\/uploads\/2024\/06\/IMG_8681-1536x2048.jpeg 1536w, https:\/\/zivogosce.cz\/hr\/wp-content\/uploads\/2024\/06\/IMG_8681-scaled.jpeg 1920w\" sizes=\"auto, (max-width: 768px) 100vw, 768px\" \/><\/a><\/figure>\n\n\n\n<figure class=\"wp-block-image size-large\"><a href=\"https:\/\/zivogosce.cz\/hr\/wp-content\/uploads\/2023\/06\/IMG_2499.jpeg\"><img loading=\"lazy\" decoding=\"async\" width=\"1024\" height=\"768\" data-id=\"583\" src=\"https:\/\/zivogosce.cz\/hr\/wp-content\/uploads\/2023\/06\/IMG_2499-1024x768.jpeg\" alt=\"\" class=\"wp-image-583\" srcset=\"https:\/\/zivogosce.cz\/hr\/wp-content\/uploads\/2023\/06\/IMG_2499-1024x768.jpeg 1024w, https:\/\/zivogosce.cz\/hr\/wp-content\/uploads\/2023\/06\/IMG_2499-300x225.jpeg 300w, https:\/\/zivogosce.cz\/hr\/wp-content\/uploads\/2023\/06\/IMG_2499-768x576.jpeg 768w, https:\/\/zivogosce.cz\/hr\/wp-content\/uploads\/2023\/06\/IMG_2499-1536x1151.jpeg 1536w, https:\/\/zivogosce.cz\/hr\/wp-content\/uploads\/2023\/06\/IMG_2499-390x293.jpeg 390w\" sizes=\"auto, (max-width: 1024px) 100vw, 1024px\" \/><\/a><\/figure>\n\n\n\n<figure class=\"wp-block-image size-large\"><a href=\"https:\/\/zivogosce.cz\/hr\/wp-content\/uploads\/2023\/06\/IMG_2500.jpeg\"><img loading=\"lazy\" decoding=\"async\" width=\"1024\" height=\"768\" data-id=\"584\" src=\"https:\/\/zivogosce.cz\/hr\/wp-content\/uploads\/2023\/06\/IMG_2500-1024x768.jpeg\" alt=\"\" class=\"wp-image-584\" srcset=\"https:\/\/zivogosce.cz\/hr\/wp-content\/uploads\/2023\/06\/IMG_2500-1024x768.jpeg 1024w, https:\/\/zivogosce.cz\/hr\/wp-content\/uploads\/2023\/06\/IMG_2500-300x225.jpeg 300w, https:\/\/zivogosce.cz\/hr\/wp-content\/uploads\/2023\/06\/IMG_2500-768x576.jpeg 768w, https:\/\/zivogosce.cz\/hr\/wp-content\/uploads\/2023\/06\/IMG_2500-1536x1151.jpeg 1536w, https:\/\/zivogosce.cz\/hr\/wp-content\/uploads\/2023\/06\/IMG_2500-390x293.jpeg 390w\" sizes=\"auto, (max-width: 1024px) 100vw, 1024px\" \/><\/a><\/figure>\n\n\n\n<figure class=\"wp-block-image size-large\"><a href=\"https:\/\/zivogosce.cz\/hr\/wp-content\/uploads\/2023\/06\/IMG_2502.jpeg\"><img loading=\"lazy\" decoding=\"async\" width=\"1024\" height=\"768\" data-id=\"589\" src=\"https:\/\/zivogosce.cz\/hr\/wp-content\/uploads\/2023\/06\/IMG_2502-1024x768.jpeg\" alt=\"\" class=\"wp-image-589\" srcset=\"https:\/\/zivogosce.cz\/hr\/wp-content\/uploads\/2023\/06\/IMG_2502-1024x768.jpeg 1024w, https:\/\/zivogosce.cz\/hr\/wp-content\/uploads\/2023\/06\/IMG_2502-300x225.jpeg 300w, https:\/\/zivogosce.cz\/hr\/wp-content\/uploads\/2023\/06\/IMG_2502-768x576.jpeg 768w, https:\/\/zivogosce.cz\/hr\/wp-content\/uploads\/2023\/06\/IMG_2502-1536x1151.jpeg 1536w, https:\/\/zivogosce.cz\/hr\/wp-content\/uploads\/2023\/06\/IMG_2502-390x293.jpeg 390w\" sizes=\"auto, (max-width: 1024px) 100vw, 1024px\" \/><\/a><\/figure>\n<\/figure>\n","protected":false},"excerpt":{"rendered":"<p>Apartman 22 &#8211; 50 m2 Moderan i ugodan apartman na drugom katu nudi udoban smje\u0161taj za obitelj ili parove. Svijetli interijer, prakti\u010dan raspored i prekrasan pogled na more stvaraju idealno mjesto za opu\u0161ten odmor. \ud83d\udecf\ufe0f Spava\u0107a soba \u2192 Bra\u010dni krevet i jedan samac (za 3 osobe) \u2192 Klima ure\u0111aj, ormar i izlaz na balkon s [&hellip;]<\/p>\n","protected":false},"author":1,"featured_media":791,"parent":318,"menu_order":2,"comment_status":"closed","ping_status":"closed","template":"","meta":{"footnotes":""},"class_list":["post-25","page","type-page","status-publish","has-post-thumbnail","hentry"],"_links":{"self":[{"href":"https:\/\/zivogosce.cz\/hr\/wp-json\/wp\/v2\/pages\/25","targetHints":{"allow":["GET"]}}],"collection":[{"href":"https:\/\/zivogosce.cz\/hr\/wp-json\/wp\/v2\/pages"}],"about":[{"href":"https:\/\/zivogosce.cz\/hr\/wp-json\/wp\/v2\/types\/page"}],"author":[{"embeddable":true,"href":"https:\/\/zivogosce.cz\/hr\/wp-json\/wp\/v2\/users\/1"}],"replies":[{"embeddable":true,"href":"https:\/\/zivogosce.cz\/hr\/wp-json\/wp\/v2\/comments?post=25"}],"version-history":[{"count":14,"href":"https:\/\/zivogosce.cz\/hr\/wp-json\/wp\/v2\/pages\/25\/revisions"}],"predecessor-version":[{"id":871,"href":"https:\/\/zivogosce.cz\/hr\/wp-json\/wp\/v2\/pages\/25\/revisions\/871"}],"up":[{"embeddable":true,"href":"https:\/\/zivogosce.cz\/hr\/wp-json\/wp\/v2\/pages\/318"}],"wp:featuredmedia":[{"embeddable":true,"href":"https:\/\/zivogosce.cz\/hr\/wp-json\/wp\/v2\/media\/791"}],"wp:attachment":[{"href":"https:\/\/zivogosce.cz\/hr\/wp-json\/wp\/v2\/media?parent=25"}],"curies":[{"name":"wp","href":"https:\/\/api.w.org\/{rel}","templated":true}]}}