{"id":23,"date":"2023-04-07T19:07:56","date_gmt":"2023-04-07T17:07:56","guid":{"rendered":"https:\/\/zivogosce.cz\/hr\/?page_id=23"},"modified":"2025-10-06T13:28:43","modified_gmt":"2025-10-06T11:28:43","slug":"apartman-1","status":"publish","type":"page","link":"https:\/\/zivogosce.cz\/hr\/rooms\/apartman-1\/","title":{"rendered":"Apartman 21"},"content":{"rendered":"\n<h3 class=\"wp-block-heading\">Apartman 21 &#8211; 60 m<sup>2<\/sup><\/h3>\n\n\n\n<p>Ovaj svijetli i ugodan apartman na prvom katu idealan je za obitelji ili dva para koji tra\u017ee udobnost, dovoljno privatnosti i prekrasan pogled na more. Kombinira funkcionalan raspored, moderan interijer i ugodnu mediteransku atmosferu.<\/p>\n\n\n\n<p>\ud83d\udecf\ufe0f Spava\u0107a soba 1<\/p>\n\n\n\n<p>\u2192 Bra\u010dni krevet za 2 osobe<\/p>\n\n\n\n<p>\u2192 Izravan izlaz na balkon s garniturom za sjedenje i prekrasnim pogledom na more<\/p>\n\n\n\n<p>\u2192 Klima ure\u0111aj, ormar i TV<\/p>\n\n\n\n<p>\ud83d\udecf\ufe0f Spava\u0107a soba 2<\/p>\n\n\n\n<p>\u2192 Bra\u010dni krevet i krevet za jednu osobu \u2013 pogodno za 3 osobe<\/p>\n\n\n\n<p>\u2192 \u00a0Balkon s dva ulaza \u2013 iz spava\u0107e sobe i iz kuhinje<\/p>\n\n\n\n<p>\u2192 Ugradbeni ormar, klima i dovoljno prostora za udoban boravak<\/p>\n\n\n\n<p>\ud83c\udf7d\ufe0f Kuhinja i blagovaonica<\/p>\n\n\n\n<p>\u2192 Potpuno opremljena kuhinja s hladnjakom, zamrziva\u010dem, mikrovalnom pe\u0107nicom, elektri\u010dnim kuhalom i osnovnim posu\u0111em<\/p>\n\n\n\n<p>\u2192 Blagovaonski stol za 5 osoba<\/p>\n\n\n\n<p>\u2192 Izlaz na balkon s pogledom na planinu Biokovo<\/p>\n\n\n\n<p>\ud83d\udebf Kupaonice<\/p>\n\n\n\n<p>\u2192 Dvije privatne kupaonice s tu\u0161 kabinom, WC-om i umivaonikom<\/p>\n\n\n\n<p>\u2192 Moderne, \u010diste i prakti\u010dne <\/p>\n\n\n\n<hr class=\"wp-block-separator has-alpha-channel-opacity\"\/>\n\n\n\n<figure class=\"wp-block-gallery has-nested-images columns-default is-cropped wp-block-gallery-1 is-layout-flex wp-block-gallery-is-layout-flex\">\n<figure class=\"wp-block-image size-large\"><a href=\"https:\/\/zivogosce.cz\/hr\/wp-content\/uploads\/2024\/06\/IMG_8646-scaled.jpeg\"><img loading=\"lazy\" decoding=\"async\" width=\"1024\" height=\"768\" data-id=\"776\" src=\"https:\/\/zivogosce.cz\/hr\/wp-content\/uploads\/2024\/06\/IMG_8646-1024x768.jpeg\" alt=\"\" class=\"wp-image-776\" srcset=\"https:\/\/zivogosce.cz\/hr\/wp-content\/uploads\/2024\/06\/IMG_8646-1024x768.jpeg 1024w, https:\/\/zivogosce.cz\/hr\/wp-content\/uploads\/2024\/06\/IMG_8646-300x225.jpeg 300w, https:\/\/zivogosce.cz\/hr\/wp-content\/uploads\/2024\/06\/IMG_8646-768x576.jpeg 768w, https:\/\/zivogosce.cz\/hr\/wp-content\/uploads\/2024\/06\/IMG_8646-1536x1152.jpeg 1536w, https:\/\/zivogosce.cz\/hr\/wp-content\/uploads\/2024\/06\/IMG_8646-2048x1536.jpeg 2048w, https:\/\/zivogosce.cz\/hr\/wp-content\/uploads\/2024\/06\/IMG_8646-390x293.jpeg 390w\" sizes=\"auto, (max-width: 1024px) 100vw, 1024px\" \/><\/a><\/figure>\n\n\n\n<figure class=\"wp-block-image size-large\"><a href=\"https:\/\/zivogosce.cz\/hr\/wp-content\/uploads\/2024\/06\/IMG_8645-scaled.jpeg\"><img loading=\"lazy\" decoding=\"async\" width=\"1024\" height=\"768\" data-id=\"777\" src=\"https:\/\/zivogosce.cz\/hr\/wp-content\/uploads\/2024\/06\/IMG_8645-1024x768.jpeg\" alt=\"\" class=\"wp-image-777\" srcset=\"https:\/\/zivogosce.cz\/hr\/wp-content\/uploads\/2024\/06\/IMG_8645-1024x768.jpeg 1024w, https:\/\/zivogosce.cz\/hr\/wp-content\/uploads\/2024\/06\/IMG_8645-300x225.jpeg 300w, https:\/\/zivogosce.cz\/hr\/wp-content\/uploads\/2024\/06\/IMG_8645-768x576.jpeg 768w, https:\/\/zivogosce.cz\/hr\/wp-content\/uploads\/2024\/06\/IMG_8645-1536x1152.jpeg 1536w, https:\/\/zivogosce.cz\/hr\/wp-content\/uploads\/2024\/06\/IMG_8645-2048x1536.jpeg 2048w, https:\/\/zivogosce.cz\/hr\/wp-content\/uploads\/2024\/06\/IMG_8645-390x293.jpeg 390w\" sizes=\"auto, (max-width: 1024px) 100vw, 1024px\" \/><\/a><\/figure>\n\n\n\n<figure class=\"wp-block-image size-large\"><a href=\"https:\/\/zivogosce.cz\/hr\/wp-content\/uploads\/2023\/06\/IMG_2469.jpeg\"><img loading=\"lazy\" decoding=\"async\" width=\"1024\" height=\"768\" data-id=\"571\" src=\"https:\/\/zivogosce.cz\/hr\/wp-content\/uploads\/2023\/06\/IMG_2469-1024x768.jpeg\" alt=\"\" class=\"wp-image-571\" srcset=\"https:\/\/zivogosce.cz\/hr\/wp-content\/uploads\/2023\/06\/IMG_2469-1024x768.jpeg 1024w, https:\/\/zivogosce.cz\/hr\/wp-content\/uploads\/2023\/06\/IMG_2469-300x225.jpeg 300w, https:\/\/zivogosce.cz\/hr\/wp-content\/uploads\/2023\/06\/IMG_2469-768x576.jpeg 768w, https:\/\/zivogosce.cz\/hr\/wp-content\/uploads\/2023\/06\/IMG_2469-1536x1151.jpeg 1536w, https:\/\/zivogosce.cz\/hr\/wp-content\/uploads\/2023\/06\/IMG_2469-390x293.jpeg 390w\" sizes=\"auto, (max-width: 1024px) 100vw, 1024px\" \/><\/a><\/figure>\n\n\n\n<figure class=\"wp-block-image size-large\"><a href=\"https:\/\/zivogosce.cz\/hr\/wp-content\/uploads\/2024\/06\/IMG_8652-scaled.jpeg\"><img loading=\"lazy\" decoding=\"async\" width=\"1024\" height=\"768\" data-id=\"779\" src=\"https:\/\/zivogosce.cz\/hr\/wp-content\/uploads\/2024\/06\/IMG_8652-1024x768.jpeg\" alt=\"\" class=\"wp-image-779\" srcset=\"https:\/\/zivogosce.cz\/hr\/wp-content\/uploads\/2024\/06\/IMG_8652-1024x768.jpeg 1024w, https:\/\/zivogosce.cz\/hr\/wp-content\/uploads\/2024\/06\/IMG_8652-300x225.jpeg 300w, https:\/\/zivogosce.cz\/hr\/wp-content\/uploads\/2024\/06\/IMG_8652-768x576.jpeg 768w, https:\/\/zivogosce.cz\/hr\/wp-content\/uploads\/2024\/06\/IMG_8652-1536x1152.jpeg 1536w, https:\/\/zivogosce.cz\/hr\/wp-content\/uploads\/2024\/06\/IMG_8652-2048x1536.jpeg 2048w, https:\/\/zivogosce.cz\/hr\/wp-content\/uploads\/2024\/06\/IMG_8652-390x293.jpeg 390w\" sizes=\"auto, (max-width: 1024px) 100vw, 1024px\" \/><\/a><\/figure>\n\n\n\n<figure class=\"wp-block-image size-large\"><a href=\"https:\/\/zivogosce.cz\/hr\/wp-content\/uploads\/2024\/06\/IMG_8659-scaled.jpeg\"><img loading=\"lazy\" decoding=\"async\" width=\"1024\" height=\"768\" data-id=\"786\" src=\"https:\/\/zivogosce.cz\/hr\/wp-content\/uploads\/2024\/06\/IMG_8659-1024x768.jpeg\" alt=\"\" class=\"wp-image-786\" srcset=\"https:\/\/zivogosce.cz\/hr\/wp-content\/uploads\/2024\/06\/IMG_8659-1024x768.jpeg 1024w, https:\/\/zivogosce.cz\/hr\/wp-content\/uploads\/2024\/06\/IMG_8659-300x225.jpeg 300w, https:\/\/zivogosce.cz\/hr\/wp-content\/uploads\/2024\/06\/IMG_8659-768x576.jpeg 768w, https:\/\/zivogosce.cz\/hr\/wp-content\/uploads\/2024\/06\/IMG_8659-1536x1152.jpeg 1536w, https:\/\/zivogosce.cz\/hr\/wp-content\/uploads\/2024\/06\/IMG_8659-2048x1536.jpeg 2048w, https:\/\/zivogosce.cz\/hr\/wp-content\/uploads\/2024\/06\/IMG_8659-390x293.jpeg 390w\" sizes=\"auto, (max-width: 1024px) 100vw, 1024px\" \/><\/a><\/figure>\n\n\n\n<figure class=\"wp-block-image size-large\"><a href=\"https:\/\/zivogosce.cz\/hr\/wp-content\/uploads\/2024\/06\/IMG_8658-scaled.jpeg\"><img loading=\"lazy\" decoding=\"async\" width=\"768\" height=\"1024\" data-id=\"780\" src=\"https:\/\/zivogosce.cz\/hr\/wp-content\/uploads\/2024\/06\/IMG_8658-768x1024.jpeg\" alt=\"\" class=\"wp-image-780\" srcset=\"https:\/\/zivogosce.cz\/hr\/wp-content\/uploads\/2024\/06\/IMG_8658-768x1024.jpeg 768w, https:\/\/zivogosce.cz\/hr\/wp-content\/uploads\/2024\/06\/IMG_8658-225x300.jpeg 225w, https:\/\/zivogosce.cz\/hr\/wp-content\/uploads\/2024\/06\/IMG_8658-1152x1536.jpeg 1152w, https:\/\/zivogosce.cz\/hr\/wp-content\/uploads\/2024\/06\/IMG_8658-1536x2048.jpeg 1536w, https:\/\/zivogosce.cz\/hr\/wp-content\/uploads\/2024\/06\/IMG_8658-scaled.jpeg 1920w\" sizes=\"auto, (max-width: 768px) 100vw, 768px\" \/><\/a><\/figure>\n\n\n\n<figure class=\"wp-block-image size-large\"><a href=\"https:\/\/zivogosce.cz\/hr\/wp-content\/uploads\/2024\/06\/IMG_8641-1-scaled.jpeg\"><img loading=\"lazy\" decoding=\"async\" width=\"1024\" height=\"683\" data-id=\"782\" src=\"https:\/\/zivogosce.cz\/hr\/wp-content\/uploads\/2024\/06\/IMG_8641-1-1024x683.jpeg\" alt=\"\" class=\"wp-image-782\" srcset=\"https:\/\/zivogosce.cz\/hr\/wp-content\/uploads\/2024\/06\/IMG_8641-1-1024x683.jpeg 1024w, https:\/\/zivogosce.cz\/hr\/wp-content\/uploads\/2024\/06\/IMG_8641-1-300x200.jpeg 300w, https:\/\/zivogosce.cz\/hr\/wp-content\/uploads\/2024\/06\/IMG_8641-1-768x512.jpeg 768w, https:\/\/zivogosce.cz\/hr\/wp-content\/uploads\/2024\/06\/IMG_8641-1-1536x1024.jpeg 1536w, https:\/\/zivogosce.cz\/hr\/wp-content\/uploads\/2024\/06\/IMG_8641-1-2048x1365.jpeg 2048w\" sizes=\"auto, (max-width: 1024px) 100vw, 1024px\" \/><\/a><\/figure>\n\n\n\n<figure class=\"wp-block-image size-large\"><a href=\"https:\/\/zivogosce.cz\/hr\/wp-content\/uploads\/2024\/06\/IMG_8639-scaled.jpeg\"><img loading=\"lazy\" decoding=\"async\" width=\"1024\" height=\"768\" data-id=\"783\" src=\"https:\/\/zivogosce.cz\/hr\/wp-content\/uploads\/2024\/06\/IMG_8639-1024x768.jpeg\" alt=\"\" class=\"wp-image-783\" srcset=\"https:\/\/zivogosce.cz\/hr\/wp-content\/uploads\/2024\/06\/IMG_8639-1024x768.jpeg 1024w, https:\/\/zivogosce.cz\/hr\/wp-content\/uploads\/2024\/06\/IMG_8639-300x225.jpeg 300w, https:\/\/zivogosce.cz\/hr\/wp-content\/uploads\/2024\/06\/IMG_8639-768x576.jpeg 768w, https:\/\/zivogosce.cz\/hr\/wp-content\/uploads\/2024\/06\/IMG_8639-1536x1152.jpeg 1536w, https:\/\/zivogosce.cz\/hr\/wp-content\/uploads\/2024\/06\/IMG_8639-2048x1536.jpeg 2048w, https:\/\/zivogosce.cz\/hr\/wp-content\/uploads\/2024\/06\/IMG_8639-390x293.jpeg 390w\" sizes=\"auto, (max-width: 1024px) 100vw, 1024px\" \/><\/a><\/figure>\n\n\n\n<figure class=\"wp-block-image size-large\"><a href=\"https:\/\/zivogosce.cz\/hr\/wp-content\/uploads\/2024\/06\/IMG_8637-scaled.jpeg\"><img loading=\"lazy\" decoding=\"async\" width=\"768\" height=\"1024\" data-id=\"785\" src=\"https:\/\/zivogosce.cz\/hr\/wp-content\/uploads\/2024\/06\/IMG_8637-768x1024.jpeg\" alt=\"\" class=\"wp-image-785\" srcset=\"https:\/\/zivogosce.cz\/hr\/wp-content\/uploads\/2024\/06\/IMG_8637-768x1024.jpeg 768w, https:\/\/zivogosce.cz\/hr\/wp-content\/uploads\/2024\/06\/IMG_8637-225x300.jpeg 225w, https:\/\/zivogosce.cz\/hr\/wp-content\/uploads\/2024\/06\/IMG_8637-1152x1536.jpeg 1152w, https:\/\/zivogosce.cz\/hr\/wp-content\/uploads\/2024\/06\/IMG_8637-1536x2048.jpeg 1536w, https:\/\/zivogosce.cz\/hr\/wp-content\/uploads\/2024\/06\/IMG_8637-scaled.jpeg 1920w\" sizes=\"auto, (max-width: 768px) 100vw, 768px\" \/><\/a><\/figure>\n\n\n\n<figure class=\"wp-block-image size-large\"><a href=\"https:\/\/zivogosce.cz\/hr\/wp-content\/uploads\/2023\/06\/IMG_2484.jpeg\"><img loading=\"lazy\" decoding=\"async\" width=\"1024\" height=\"768\" data-id=\"578\" src=\"https:\/\/zivogosce.cz\/hr\/wp-content\/uploads\/2023\/06\/IMG_2484-1024x768.jpeg\" alt=\"\" class=\"wp-image-578\" srcset=\"https:\/\/zivogosce.cz\/hr\/wp-content\/uploads\/2023\/06\/IMG_2484-1024x768.jpeg 1024w, https:\/\/zivogosce.cz\/hr\/wp-content\/uploads\/2023\/06\/IMG_2484-300x225.jpeg 300w, https:\/\/zivogosce.cz\/hr\/wp-content\/uploads\/2023\/06\/IMG_2484-768x576.jpeg 768w, https:\/\/zivogosce.cz\/hr\/wp-content\/uploads\/2023\/06\/IMG_2484-1536x1151.jpeg 1536w, https:\/\/zivogosce.cz\/hr\/wp-content\/uploads\/2023\/06\/IMG_2484-390x293.jpeg 390w\" sizes=\"auto, (max-width: 1024px) 100vw, 1024px\" \/><\/a><\/figure>\n\n\n\n<figure class=\"wp-block-image size-large\"><a href=\"https:\/\/zivogosce.cz\/hr\/wp-content\/uploads\/2023\/06\/IMG_2485.jpeg\"><img loading=\"lazy\" decoding=\"async\" width=\"1024\" height=\"768\" data-id=\"579\" src=\"https:\/\/zivogosce.cz\/hr\/wp-content\/uploads\/2023\/06\/IMG_2485-1024x768.jpeg\" alt=\"\" class=\"wp-image-579\" srcset=\"https:\/\/zivogosce.cz\/hr\/wp-content\/uploads\/2023\/06\/IMG_2485-1024x768.jpeg 1024w, https:\/\/zivogosce.cz\/hr\/wp-content\/uploads\/2023\/06\/IMG_2485-300x225.jpeg 300w, https:\/\/zivogosce.cz\/hr\/wp-content\/uploads\/2023\/06\/IMG_2485-768x576.jpeg 768w, https:\/\/zivogosce.cz\/hr\/wp-content\/uploads\/2023\/06\/IMG_2485-1536x1151.jpeg 1536w, https:\/\/zivogosce.cz\/hr\/wp-content\/uploads\/2023\/06\/IMG_2485-390x293.jpeg 390w\" sizes=\"auto, (max-width: 1024px) 100vw, 1024px\" \/><\/a><\/figure>\n\n\n\n<figure class=\"wp-block-image size-large\"><a href=\"https:\/\/zivogosce.cz\/hr\/wp-content\/uploads\/2023\/06\/IMG_2486.jpeg\"><img loading=\"lazy\" decoding=\"async\" width=\"1024\" height=\"768\" data-id=\"577\" src=\"https:\/\/zivogosce.cz\/hr\/wp-content\/uploads\/2023\/06\/IMG_2486-1024x768.jpeg\" alt=\"\" class=\"wp-image-577\" srcset=\"https:\/\/zivogosce.cz\/hr\/wp-content\/uploads\/2023\/06\/IMG_2486-1024x768.jpeg 1024w, https:\/\/zivogosce.cz\/hr\/wp-content\/uploads\/2023\/06\/IMG_2486-300x225.jpeg 300w, https:\/\/zivogosce.cz\/hr\/wp-content\/uploads\/2023\/06\/IMG_2486-768x576.jpeg 768w, https:\/\/zivogosce.cz\/hr\/wp-content\/uploads\/2023\/06\/IMG_2486-1536x1151.jpeg 1536w, https:\/\/zivogosce.cz\/hr\/wp-content\/uploads\/2023\/06\/IMG_2486-390x293.jpeg 390w\" sizes=\"auto, (max-width: 1024px) 100vw, 1024px\" \/><\/a><\/figure>\n<\/figure>\n","protected":false},"excerpt":{"rendered":"<p>Apartman 21 &#8211; 60 m2 Ovaj svijetli i ugodan apartman na prvom katu idealan je za obitelji ili dva para koji tra\u017ee udobnost, dovoljno privatnosti i prekrasan pogled na more. Kombinira funkcionalan raspored, moderan interijer i ugodnu mediteransku atmosferu. \ud83d\udecf\ufe0f Spava\u0107a soba 1 \u2192 Bra\u010dni krevet za 2 osobe \u2192 Izravan izlaz na balkon s [&hellip;]<\/p>\n","protected":false},"author":1,"featured_media":782,"parent":318,"menu_order":1,"comment_status":"closed","ping_status":"closed","template":"","meta":{"footnotes":""},"class_list":["post-23","page","type-page","status-publish","has-post-thumbnail","hentry"],"_links":{"self":[{"href":"https:\/\/zivogosce.cz\/hr\/wp-json\/wp\/v2\/pages\/23","targetHints":{"allow":["GET"]}}],"collection":[{"href":"https:\/\/zivogosce.cz\/hr\/wp-json\/wp\/v2\/pages"}],"about":[{"href":"https:\/\/zivogosce.cz\/hr\/wp-json\/wp\/v2\/types\/page"}],"author":[{"embeddable":true,"href":"https:\/\/zivogosce.cz\/hr\/wp-json\/wp\/v2\/users\/1"}],"replies":[{"embeddable":true,"href":"https:\/\/zivogosce.cz\/hr\/wp-json\/wp\/v2\/comments?post=23"}],"version-history":[{"count":16,"href":"https:\/\/zivogosce.cz\/hr\/wp-json\/wp\/v2\/pages\/23\/revisions"}],"predecessor-version":[{"id":868,"href":"https:\/\/zivogosce.cz\/hr\/wp-json\/wp\/v2\/pages\/23\/revisions\/868"}],"up":[{"embeddable":true,"href":"https:\/\/zivogosce.cz\/hr\/wp-json\/wp\/v2\/pages\/318"}],"wp:featuredmedia":[{"embeddable":true,"href":"https:\/\/zivogosce.cz\/hr\/wp-json\/wp\/v2\/media\/782"}],"wp:attachment":[{"href":"https:\/\/zivogosce.cz\/hr\/wp-json\/wp\/v2\/media?parent=23"}],"curies":[{"name":"wp","href":"https:\/\/api.w.org\/{rel}","templated":true}]}}