{"id":19,"date":"2023-04-04T12:38:03","date_gmt":"2023-04-04T10:38:03","guid":{"rendered":"https:\/\/zivogosce.cz\/hr\/?page_id=19"},"modified":"2024-11-13T11:27:14","modified_gmt":"2024-11-13T10:27:14","slug":"zivogosce-blato","status":"publish","type":"page","link":"https:\/\/zivogosce.cz\/hr\/zivogosce-blato\/","title":{"rendered":"\u017divogo\u0161\u0107e Blato"},"content":{"rendered":"\n<p>Mjesto \u017divogo\u0161\u0107e nalazi se na Makarskoj rivijeri, 20 km ju\u017eno od grada Makarske, a sastoji se od tri susjedna naselja &#8211; Porat, Mala Duba i Blato. Sela su me\u0111usobno povezana prekrasnim pla\u017eama i pje\u0161a\u010dkom stazom koja doslovno vodi s jednog kraja na drugi. Iznad magistrale nalaze se izvorni dijelovi \u017divogo\u0161\u0107a-Murava i Strnj koji su me\u0111usobno povezani izvornom Napoleonovom stazom koja je idealna kako za planinarenje tako i za biciklizam.<\/p>\n\n\n\n<p>Naselje \u017divogo\u0161\u0107e datira jo\u0161 iz rimskog doba, o \u010demu svjedo\u010de grobovi na vrhu Suzine.<\/p>\n\n\n\n<p>U \u017divogo\u0161\u0107u Porat, na pla\u017ei ispod franjeva\u010dke crkve, nalazi se izvor iznad kojeg je poznati epigram Licinijana iz 474. godine. , koji se sastoji od 16 latinskih heksametara i slavi izvore slatke vode koji jo\u0161 uvijek izviru ovdje.<\/p>\n\n\n\n<p>\u017divogo\u0161\u0107e Blato idealno je odredi\u0161te za obiteljski odmor zahvaljuju\u0107i svojim pla\u017eama nad kojima se nalaze stabla borova koja osiguravaju ugodnu svje\u017einu u ljetnim vru\u0107inama. Aktivnije obitelji mogu iznajmiti pedaline, kajake, SUP daske, brodice s kojima se mogu uputiti na obli\u017enji otok Hvar, ili se ve\u0107im brodom uputiti na izlet na otok Kor\u010dulu. Ljubitelji planinarenja tako\u0111er \u0107e ovdje prona\u0107i ne\u0161to za raditi zahvaljuju\u0107i planini Biokovo koja se nadvija nad gradom.<\/p>\n\n\n\n<p>Tijekom sezone u \u017divogo\u0161\u0107u se organiziraju kulturne ve\u010deri, poput Ribarske ve\u010deri ili koncerti lokalnih grupa.<\/p>\n\n\n\n<figure class=\"wp-block-gallery has-nested-images columns-default is-cropped wp-block-gallery-1 is-layout-flex wp-block-gallery-is-layout-flex\">\n<figure class=\"wp-block-image size-large\"><img loading=\"lazy\" decoding=\"async\" width=\"960\" height=\"720\" data-id=\"428\" src=\"https:\/\/zivogosce.cz\/hr\/wp-content\/uploads\/2023\/06\/1.jpg\" alt=\"\" class=\"wp-image-428\" srcset=\"https:\/\/zivogosce.cz\/hr\/wp-content\/uploads\/2023\/06\/1.jpg 960w, https:\/\/zivogosce.cz\/hr\/wp-content\/uploads\/2023\/06\/1-300x225.jpg 300w, https:\/\/zivogosce.cz\/hr\/wp-content\/uploads\/2023\/06\/1-768x576.jpg 768w, https:\/\/zivogosce.cz\/hr\/wp-content\/uploads\/2023\/06\/1-390x293.jpg 390w\" sizes=\"auto, (max-width: 960px) 100vw, 960px\" \/><\/figure>\n\n\n\n<figure class=\"wp-block-image size-large\"><img loading=\"lazy\" decoding=\"async\" width=\"918\" height=\"468\" data-id=\"426\" src=\"https:\/\/zivogosce.cz\/hr\/wp-content\/uploads\/2023\/06\/4.jpg\" alt=\"\" class=\"wp-image-426\" srcset=\"https:\/\/zivogosce.cz\/hr\/wp-content\/uploads\/2023\/06\/4.jpg 918w, https:\/\/zivogosce.cz\/hr\/wp-content\/uploads\/2023\/06\/4-300x153.jpg 300w, https:\/\/zivogosce.cz\/hr\/wp-content\/uploads\/2023\/06\/4-768x392.jpg 768w\" sizes=\"auto, (max-width: 918px) 100vw, 918px\" \/><\/figure>\n\n\n\n<figure class=\"wp-block-image size-large\"><img loading=\"lazy\" decoding=\"async\" width=\"900\" height=\"600\" data-id=\"431\" src=\"https:\/\/zivogosce.cz\/hr\/wp-content\/uploads\/2023\/06\/13.jpg\" alt=\"\" class=\"wp-image-431\" srcset=\"https:\/\/zivogosce.cz\/hr\/wp-content\/uploads\/2023\/06\/13.jpg 900w, https:\/\/zivogosce.cz\/hr\/wp-content\/uploads\/2023\/06\/13-300x200.jpg 300w, https:\/\/zivogosce.cz\/hr\/wp-content\/uploads\/2023\/06\/13-768x512.jpg 768w\" sizes=\"auto, (max-width: 900px) 100vw, 900px\" \/><\/figure>\n\n\n\n<figure class=\"wp-block-image size-large\"><img loading=\"lazy\" decoding=\"async\" width=\"1024\" height=\"681\" data-id=\"427\" src=\"https:\/\/zivogosce.cz\/hr\/wp-content\/uploads\/2023\/06\/21.jpg\" alt=\"\" class=\"wp-image-427\" srcset=\"https:\/\/zivogosce.cz\/hr\/wp-content\/uploads\/2023\/06\/21.jpg 1024w, https:\/\/zivogosce.cz\/hr\/wp-content\/uploads\/2023\/06\/21-300x200.jpg 300w, https:\/\/zivogosce.cz\/hr\/wp-content\/uploads\/2023\/06\/21-768x511.jpg 768w\" sizes=\"auto, (max-width: 1024px) 100vw, 1024px\" \/><\/figure>\n\n\n\n<figure class=\"wp-block-image size-large\"><img decoding=\"async\" data-id=\"430\" src=\"https:\/\/zivogosce.cz\/hr\/wp-content\/uploads\/2023\/06\/IMG_20220611_064646-1024x768.jpg\" alt=\"\" class=\"wp-image-430\"\/><\/figure>\n\n\n\n<figure class=\"wp-block-image size-large\"><img loading=\"lazy\" decoding=\"async\" width=\"1024\" height=\"576\" data-id=\"429\" src=\"https:\/\/zivogosce.cz\/hr\/wp-content\/uploads\/2023\/06\/IMG_20220617_172112-1024x576.jpg\" alt=\"\" class=\"wp-image-429\" srcset=\"https:\/\/zivogosce.cz\/hr\/wp-content\/uploads\/2023\/06\/IMG_20220617_172112-1024x576.jpg 1024w, https:\/\/zivogosce.cz\/hr\/wp-content\/uploads\/2023\/06\/IMG_20220617_172112-300x169.jpg 300w, https:\/\/zivogosce.cz\/hr\/wp-content\/uploads\/2023\/06\/IMG_20220617_172112-768x432.jpg 768w, https:\/\/zivogosce.cz\/hr\/wp-content\/uploads\/2023\/06\/IMG_20220617_172112-1536x864.jpg 1536w, https:\/\/zivogosce.cz\/hr\/wp-content\/uploads\/2023\/06\/IMG_20220617_172112-2048x1152.jpg 2048w\" sizes=\"auto, (max-width: 1024px) 100vw, 1024px\" \/><\/figure>\n\n\n\n<figure class=\"wp-block-image size-large\"><img loading=\"lazy\" decoding=\"async\" width=\"1024\" height=\"576\" data-id=\"433\" src=\"https:\/\/zivogosce.cz\/hr\/wp-content\/uploads\/2023\/06\/IMG_20220623_095939-1024x576.jpg\" alt=\"\" class=\"wp-image-433\" srcset=\"https:\/\/zivogosce.cz\/hr\/wp-content\/uploads\/2023\/06\/IMG_20220623_095939-1024x576.jpg 1024w, https:\/\/zivogosce.cz\/hr\/wp-content\/uploads\/2023\/06\/IMG_20220623_095939-300x169.jpg 300w, https:\/\/zivogosce.cz\/hr\/wp-content\/uploads\/2023\/06\/IMG_20220623_095939-768x432.jpg 768w, https:\/\/zivogosce.cz\/hr\/wp-content\/uploads\/2023\/06\/IMG_20220623_095939-1536x864.jpg 1536w, https:\/\/zivogosce.cz\/hr\/wp-content\/uploads\/2023\/06\/IMG_20220623_095939-2048x1152.jpg 2048w\" sizes=\"auto, (max-width: 1024px) 100vw, 1024px\" \/><\/figure>\n\n\n\n<figure class=\"wp-block-image size-large\"><img loading=\"lazy\" decoding=\"async\" width=\"780\" height=\"520\" data-id=\"432\" src=\"https:\/\/zivogosce.cz\/hr\/wp-content\/uploads\/2023\/06\/zivogosce-blato-kavarna.jpg\" alt=\"\" class=\"wp-image-432\" srcset=\"https:\/\/zivogosce.cz\/hr\/wp-content\/uploads\/2023\/06\/zivogosce-blato-kavarna.jpg 780w, https:\/\/zivogosce.cz\/hr\/wp-content\/uploads\/2023\/06\/zivogosce-blato-kavarna-300x200.jpg 300w, https:\/\/zivogosce.cz\/hr\/wp-content\/uploads\/2023\/06\/zivogosce-blato-kavarna-768x512.jpg 768w\" sizes=\"auto, (max-width: 780px) 100vw, 780px\" \/><\/figure>\n\n\n\n<figure class=\"wp-block-image size-large\"><img loading=\"lazy\" decoding=\"async\" width=\"1024\" height=\"576\" data-id=\"843\" src=\"https:\/\/zivogosce.cz\/hr\/wp-content\/uploads\/2024\/11\/42683f02-ad96-4d62-834d-2f3043f45fda-1024x576.jpeg\" alt=\"\" class=\"wp-image-843\" srcset=\"https:\/\/zivogosce.cz\/hr\/wp-content\/uploads\/2024\/11\/42683f02-ad96-4d62-834d-2f3043f45fda-1024x576.jpeg 1024w, https:\/\/zivogosce.cz\/hr\/wp-content\/uploads\/2024\/11\/42683f02-ad96-4d62-834d-2f3043f45fda-300x169.jpeg 300w, https:\/\/zivogosce.cz\/hr\/wp-content\/uploads\/2024\/11\/42683f02-ad96-4d62-834d-2f3043f45fda-768x432.jpeg 768w, https:\/\/zivogosce.cz\/hr\/wp-content\/uploads\/2024\/11\/42683f02-ad96-4d62-834d-2f3043f45fda-1536x864.jpeg 1536w, https:\/\/zivogosce.cz\/hr\/wp-content\/uploads\/2024\/11\/42683f02-ad96-4d62-834d-2f3043f45fda.jpeg 1600w\" sizes=\"auto, (max-width: 1024px) 100vw, 1024px\" \/><\/figure>\n\n\n\n<figure class=\"wp-block-image size-full\"><img loading=\"lazy\" decoding=\"async\" width=\"1600\" height=\"900\" data-id=\"844\" src=\"https:\/\/zivogosce.cz\/hr\/wp-content\/uploads\/2024\/11\/dbf04cbb-7ffd-482e-8fe8-bdfb834a98ae.jpeg\" alt=\"\" class=\"wp-image-844\" srcset=\"https:\/\/zivogosce.cz\/hr\/wp-content\/uploads\/2024\/11\/dbf04cbb-7ffd-482e-8fe8-bdfb834a98ae.jpeg 1600w, https:\/\/zivogosce.cz\/hr\/wp-content\/uploads\/2024\/11\/dbf04cbb-7ffd-482e-8fe8-bdfb834a98ae-300x169.jpeg 300w, https:\/\/zivogosce.cz\/hr\/wp-content\/uploads\/2024\/11\/dbf04cbb-7ffd-482e-8fe8-bdfb834a98ae-1024x576.jpeg 1024w, https:\/\/zivogosce.cz\/hr\/wp-content\/uploads\/2024\/11\/dbf04cbb-7ffd-482e-8fe8-bdfb834a98ae-768x432.jpeg 768w, https:\/\/zivogosce.cz\/hr\/wp-content\/uploads\/2024\/11\/dbf04cbb-7ffd-482e-8fe8-bdfb834a98ae-1536x864.jpeg 1536w\" sizes=\"auto, (max-width: 1600px) 100vw, 1600px\" \/><\/figure>\n<\/figure>\n","protected":false},"excerpt":{"rendered":"<p>Mjesto \u017divogo\u0161\u0107e nalazi se na Makarskoj rivijeri, 20 km ju\u017eno od grada Makarske, a sastoji se od tri susjedna naselja &#8211; Porat, Mala Duba i Blato. Sela su me\u0111usobno povezana prekrasnim pla\u017eama i pje\u0161a\u010dkom stazom koja doslovno vodi s jednog kraja na drugi. Iznad magistrale nalaze se izvorni dijelovi \u017divogo\u0161\u0107a-Murava i Strnj koji su me\u0111usobno [&hellip;]<\/p>\n","protected":false},"author":1,"featured_media":428,"parent":0,"menu_order":0,"comment_status":"closed","ping_status":"closed","template":"","meta":{"footnotes":""},"class_list":["post-19","page","type-page","status-publish","has-post-thumbnail","hentry"],"_links":{"self":[{"href":"https:\/\/zivogosce.cz\/hr\/wp-json\/wp\/v2\/pages\/19","targetHints":{"allow":["GET"]}}],"collection":[{"href":"https:\/\/zivogosce.cz\/hr\/wp-json\/wp\/v2\/pages"}],"about":[{"href":"https:\/\/zivogosce.cz\/hr\/wp-json\/wp\/v2\/types\/page"}],"author":[{"embeddable":true,"href":"https:\/\/zivogosce.cz\/hr\/wp-json\/wp\/v2\/users\/1"}],"replies":[{"embeddable":true,"href":"https:\/\/zivogosce.cz\/hr\/wp-json\/wp\/v2\/comments?post=19"}],"version-history":[{"count":5,"href":"https:\/\/zivogosce.cz\/hr\/wp-json\/wp\/v2\/pages\/19\/revisions"}],"predecessor-version":[{"id":850,"href":"https:\/\/zivogosce.cz\/hr\/wp-json\/wp\/v2\/pages\/19\/revisions\/850"}],"wp:featuredmedia":[{"embeddable":true,"href":"https:\/\/zivogosce.cz\/hr\/wp-json\/wp\/v2\/media\/428"}],"wp:attachment":[{"href":"https:\/\/zivogosce.cz\/hr\/wp-json\/wp\/v2\/media?parent=19"}],"curies":[{"name":"wp","href":"https:\/\/api.w.org\/{rel}","templated":true}]}}