{"id":16,"date":"2023-04-04T12:36:12","date_gmt":"2023-04-04T10:36:12","guid":{"rendered":"https:\/\/zivogosce.cz\/hr\/?page_id=16"},"modified":"2023-07-08T13:56:09","modified_gmt":"2023-07-08T11:56:09","slug":"home","status":"publish","type":"page","link":"https:\/\/zivogosce.cz\/hr\/","title":{"rendered":"Naslovnica"},"content":{"rendered":"<h4>Vila Alena \u2013 \u017divogo\u0161\u0107e-Blato &#8211; Makarsk\u00e1 rivij\u00e9ra<\/h4>\n<p>Ku\u0107a se nalazi u manjem mjestu \u017divogo\u0161\u0107e-Blato na Makarskoj rivijeri. Smje\u0161taj je u jedinicama tipa Apartman (4), Studio (1), Soba (4). Pristup ku\u0107i nije prilagoden za osobe sa invaliditetom. Dvori\u0161te oko ku\u0107e je povr\u0161ine 100 m2, ima veliko parkirali\u0161te, gosti imaju mogu\u0107nost kori\u0161tenja Interneta\u00a0 i ro\u0161tilja iza ku\u0107e. Udaljenost od mora 150 m.<\/p>\n<p>Apartmane i sobe mo\u017eete vidjeti na donjim linkovima:<\/p>\n<ul>\n<li>\n<ul>\n<li><a href=\"apartman-1.html\">Apartman 1<\/a><\/li>\n<li><a href=\"apartman-2.html\">Apartman 2<\/a><\/li>\n<li><a href=\"apartman-3.html\">Apartman 3<\/a><\/li>\n<li><a href=\"apartman-4.html\">Apartman 4<\/a><\/li>\n<li><a href=\"studio-1.html\">Studio 1<\/a><\/li>\n<\/ul>\n<\/li>\n<li>\n<ul>\n<li><a href=\"soba-1.html\">Soba 1<\/a><\/li>\n<li><a href=\"soba-2.html\">Soba 2<\/a><\/li>\n<li><a href=\"soba-3.html\">Soba 3<\/a><\/li>\n<li><a href=\"soba-4.html\">Soba 4<\/a><\/li>\n<\/ul>\n<\/li>\n<li><\/li>\n<\/ul>\n","protected":false},"excerpt":{"rendered":"<p>Vila Alena \u2013 \u017divogo\u0161\u0107e-Blato &#8211; Makarsk\u00e1 rivij\u00e9ra Ku\u0107a se nalazi u manjem mjestu \u017divogo\u0161\u0107e-Blato na Makarskoj rivijeri. Smje\u0161taj je u jedinicama tipa Apartman (4), Studio (1), Soba (4). Pristup ku\u0107i nije prilagoden za osobe sa invaliditetom. Dvori\u0161te oko ku\u0107e je povr\u0161ine 100 m2, ima veliko parkirali\u0161te, gosti imaju mogu\u0107nost kori\u0161tenja Interneta\u00a0 i ro\u0161tilja iza ku\u0107e. [&hellip;]<\/p>\n","protected":false},"author":1,"featured_media":68,"parent":0,"menu_order":0,"comment_status":"closed","ping_status":"closed","template":"","meta":{"footnotes":""},"class_list":["post-16","page","type-page","status-publish","has-post-thumbnail","hentry"],"_links":{"self":[{"href":"https:\/\/zivogosce.cz\/hr\/wp-json\/wp\/v2\/pages\/16","targetHints":{"allow":["GET"]}}],"collection":[{"href":"https:\/\/zivogosce.cz\/hr\/wp-json\/wp\/v2\/pages"}],"about":[{"href":"https:\/\/zivogosce.cz\/hr\/wp-json\/wp\/v2\/types\/page"}],"author":[{"embeddable":true,"href":"https:\/\/zivogosce.cz\/hr\/wp-json\/wp\/v2\/users\/1"}],"replies":[{"embeddable":true,"href":"https:\/\/zivogosce.cz\/hr\/wp-json\/wp\/v2\/comments?post=16"}],"version-history":[{"count":7,"href":"https:\/\/zivogosce.cz\/hr\/wp-json\/wp\/v2\/pages\/16\/revisions"}],"predecessor-version":[{"id":698,"href":"https:\/\/zivogosce.cz\/hr\/wp-json\/wp\/v2\/pages\/16\/revisions\/698"}],"wp:featuredmedia":[{"embeddable":true,"href":"https:\/\/zivogosce.cz\/hr\/wp-json\/wp\/v2\/media\/68"}],"wp:attachment":[{"href":"https:\/\/zivogosce.cz\/hr\/wp-json\/wp\/v2\/media?parent=16"}],"curies":[{"name":"wp","href":"https:\/\/api.w.org\/{rel}","templated":true}]}}