{"id":912,"date":"2025-11-19T09:17:56","date_gmt":"2025-11-19T08:17:56","guid":{"rendered":"https:\/\/zivogosce.cz\/en\/?page_id=912"},"modified":"2025-11-19T09:18:24","modified_gmt":"2025-11-19T08:18:24","slug":"trips","status":"publish","type":"page","link":"https:\/\/zivogosce.cz\/en\/trips\/","title":{"rendered":"Trips"},"content":{"rendered":"\n<figure class=\"wp-block-gallery has-nested-images columns-default is-cropped wp-block-gallery-1 is-layout-flex wp-block-gallery-is-layout-flex\">\n<figure class=\"wp-block-image size-large\"><a href=\"#makarska\"><img loading=\"lazy\" decoding=\"async\" width=\"1024\" height=\"683\" data-id=\"919\" src=\"https:\/\/zivogosce.cz\/en\/wp-content\/uploads\/2025\/11\/IMG_0808-1024x683.jpeg\" alt=\"\" class=\"wp-image-919\" srcset=\"https:\/\/zivogosce.cz\/en\/wp-content\/uploads\/2025\/11\/IMG_0808-1024x683.jpeg 1024w, https:\/\/zivogosce.cz\/en\/wp-content\/uploads\/2025\/11\/IMG_0808-300x200.jpeg 300w, https:\/\/zivogosce.cz\/en\/wp-content\/uploads\/2025\/11\/IMG_0808-768x512.jpeg 768w, https:\/\/zivogosce.cz\/en\/wp-content\/uploads\/2025\/11\/IMG_0808.jpeg 1170w\" sizes=\"auto, (max-width: 1024px) 100vw, 1024px\" \/><\/a><\/figure>\n\n\n\n<figure class=\"wp-block-image size-large\"><a href=\"#boat-trip\"><img loading=\"lazy\" decoding=\"async\" width=\"685\" height=\"457\" data-id=\"918\" src=\"https:\/\/zivogosce.cz\/en\/wp-content\/uploads\/2025\/11\/IMG_0809.jpeg\" alt=\"\" class=\"wp-image-918\" srcset=\"https:\/\/zivogosce.cz\/en\/wp-content\/uploads\/2025\/11\/IMG_0809.jpeg 685w, https:\/\/zivogosce.cz\/en\/wp-content\/uploads\/2025\/11\/IMG_0809-300x200.jpeg 300w\" sizes=\"auto, (max-width: 685px) 100vw, 685px\" \/><\/a><\/figure>\n\n\n\n<figure class=\"wp-block-image size-large\"><a href=\"#skywalk\"><img loading=\"lazy\" decoding=\"async\" width=\"290\" height=\"174\" data-id=\"917\" src=\"https:\/\/zivogosce.cz\/en\/wp-content\/uploads\/2025\/11\/IMG_0811.jpeg\" alt=\"\" class=\"wp-image-917\"\/><\/a><\/figure>\n\n\n\n<figure class=\"wp-block-image size-large\"><a href=\"#split\"><img loading=\"lazy\" decoding=\"async\" width=\"1024\" height=\"683\" data-id=\"921\" src=\"https:\/\/zivogosce.cz\/en\/wp-content\/uploads\/2025\/11\/IMG_0813-1024x683.webp\" alt=\"\" class=\"wp-image-921\" srcset=\"https:\/\/zivogosce.cz\/en\/wp-content\/uploads\/2025\/11\/IMG_0813-1024x683.webp 1024w, https:\/\/zivogosce.cz\/en\/wp-content\/uploads\/2025\/11\/IMG_0813-300x200.webp 300w, https:\/\/zivogosce.cz\/en\/wp-content\/uploads\/2025\/11\/IMG_0813-768x512.webp 768w, https:\/\/zivogosce.cz\/en\/wp-content\/uploads\/2025\/11\/IMG_0813-1536x1025.webp 1536w, https:\/\/zivogosce.cz\/en\/wp-content\/uploads\/2025\/11\/IMG_0813-2048x1366.webp 2048w\" sizes=\"auto, (max-width: 1024px) 100vw, 1024px\" \/><\/a><\/figure>\n\n\n\n<figure class=\"wp-block-image size-large\"><a href=\"#dubrovnik \"><img loading=\"lazy\" decoding=\"async\" width=\"1024\" height=\"575\" data-id=\"920\" src=\"https:\/\/zivogosce.cz\/en\/wp-content\/uploads\/2025\/11\/IMG_0810-1024x575.jpeg\" alt=\"\" class=\"wp-image-920\" srcset=\"https:\/\/zivogosce.cz\/en\/wp-content\/uploads\/2025\/11\/IMG_0810-1024x575.jpeg 1024w, https:\/\/zivogosce.cz\/en\/wp-content\/uploads\/2025\/11\/IMG_0810-300x169.jpeg 300w, https:\/\/zivogosce.cz\/en\/wp-content\/uploads\/2025\/11\/IMG_0810-768x431.jpeg 768w, https:\/\/zivogosce.cz\/en\/wp-content\/uploads\/2025\/11\/IMG_0810.jpeg 1280w\" sizes=\"auto, (max-width: 1024px) 100vw, 1024px\" \/><\/a><\/figure>\n\n\n\n<figure class=\"wp-block-image size-large\"><a href=\"#velika-duba\"><img loading=\"lazy\" decoding=\"async\" width=\"300\" height=\"168\" data-id=\"916\" src=\"https:\/\/zivogosce.cz\/en\/wp-content\/uploads\/2025\/11\/IMG_0812.jpeg\" alt=\"\" class=\"wp-image-916\"\/><\/a><\/figure>\n<\/figure>\n\n\n\n<p><\/p>\n\n\n\n<p><\/p>\n\n\n\n<p id=\"makarska\"><strong>\ud83c\udfd9\ufe0f1) Makarska \u2013 the centre of the Makarska Riviera<\/strong><\/p>\n\n\n\n<p>Distance: 20 min \/ 17 km<\/p>\n\n\n\n<p>What to expect:<\/p>\n\n\n\n<p>Makarska offers a beautiful promenade, marina, playgrounds, shops, and great evening atmosphere. Perfect for an evening walk or a full-day trip with swimming.<\/p>\n\n\n\n<p>Map:&nbsp;<a href=\"https:\/\/maps.app.goo.gl\/xBUQuSXvhYB5VQ7i6\">https:\/<\/a><a href=\"https:\/\/maps.app.goo.gl\/CewqMjyrwNbRhM4NA?g_st=ipc\">\/maps.app.goo.gl\/xBUQuSXvhYB5VQ7i6<\/a><\/p>\n\n\n\n<figure class=\"wp-block-image\"><img decoding=\"async\" src=\"https:\/\/zivogosce.cz\/wp-content\/uploads\/2025\/11\/IMG_0808-1024x683.jpeg\" alt=\"\" class=\"wp-image-921\"\/><\/figure>\n\n\n\n<p id=\"boat-trip\"><strong>\ud83d\udea4 2) Boat Trip \u2013 Hvar Island (Full-day boat trip)<\/strong><\/p>\n\n\n\n<p>Departure is directly from \u017divogo\u0161\u0107e Blato.<\/p>\n\n\n\n<p>More info via phone or WhatsApp: +420 608 140 950<\/p>\n\n\n\n<p>One of the most beautiful excursions \u2013 crystal clear sea, sandy beach, and the charming town of Su\u0107uraj. Great for both kids and adults, lunch on board included.<\/p>\n\n\n\n<figure class=\"wp-block-image is-resized\"><img decoding=\"async\" src=\"https:\/\/www.visit-croatia.hr\/photos\/destinations\/hvar\/thumbs\/beach-mlaska-sucuraj-002-1374924974_huge.jpg\" alt=\"\" style=\"width:840px;height:auto\"\/><\/figure>\n\n\n\n<p id=\"skywalk\"><strong>\u26f0\ufe0f&nbsp;3) Skywalk Biokovo<\/strong><\/p>\n\n\n\n<p>Distance: 45 min \/ 30 km<\/p>\n\n\n\n<p>A glass viewpoint located at 1,228 m above sea level with breathtaking views of Makarska, Bra\u010d and Hvar. Morning time slots are recommended.<\/p>\n\n\n\n<p>Reservation:&nbsp;<a href=\"https:\/\/pp-biokovo.hr\/en\/skywalk-biokovo\">https:\/\/pp-biokovo.hr\/en\/skywalk-biokovo<\/a><\/p>\n\n\n\n<p>Map:&nbsp;<a href=\"https:\/\/maps.app.goo.gl\/xW7jfqSHdzuvh2qk7\">http<\/a><a href=\"https:\/\/maps.app.goo.gl\/9MGhWXbDop1osPi69?g_st=ipc\">s:\/\/maps.app.goo.gl\/xW7jfqSHdzuvh2qk7<\/a><\/p>\n\n\n\n<figure class=\"wp-block-image\"><img decoding=\"async\" src=\"https:\/\/www.adriaticluxuryvillas.com\/uploads\/images\/skywalk-biokovo-a-divine-view-of-dalmatia-1615977919670.jpeg\" alt=\"\"\/><\/figure>\n\n\n\n<p id=\"split\"><strong>\ud83c\udfdb\ufe0f4) Diocletian\u2019s Palace \u2013 Split<\/strong><\/p>\n\n\n\n<p>Distance: 1 h 35 min \/ 95 km<\/p>\n\n\n\n<p>A UNESCO heritage site with a historic old town, local market and charming narrow streets. Ideal for a full-day family trip.<\/p>\n\n\n\n<p>Map:&nbsp;<a href=\"https:\/\/maps.app.goo.gl\/1QCoEL58MksK1PhJ7?g_st=ipc\">https:\/\/maps.app.goo.gl\/VDkDz86M1zPwSb9QA<\/a><\/p>\n\n\n\n<figure class=\"wp-block-image\"><img decoding=\"async\" src=\"https:\/\/zivogosce.cz\/wp-content\/uploads\/2025\/11\/IMG_0813-1024x683.webp\" alt=\"\" class=\"wp-image-922\"\/><\/figure>\n\n\n\n<p id=\"dubrovnik\"><strong>\ud83c\udff0<\/strong>&nbsp;<strong>5) Dubrovnik \u2013 the Pearl of the Adriatic<\/strong><\/p>\n\n\n\n<p>Distance: 2 h 40 min \/ 150 km<\/p>\n\n\n\n<p>Historic city walls, marina and a unique atmosphere. A must-see during a longer stay \u2013 best as a full-day trip.<\/p>\n\n\n\n<p>Map:&nbsp;<a href=\"https:\/\/maps.app.goo.gl\/wrNMhCXJrYyDLWNi9\">https:\/\/maps.a<\/a><a href=\"https:\/\/maps.app.goo.gl\/QEuS9KVp9NJJKRHf8?g_st=ipc\">pp.goo.gl\/wrNMhCXJrYyDLWNi9<\/a><\/p>\n\n\n\n<figure class=\"wp-block-image\"><img decoding=\"async\" src=\"https:\/\/zemesveta.cz\/wp-content\/uploads\/2021\/01\/Dubrovnik_celkovy_pohled.jpg\" alt=\"\"\/><\/figure>\n\n\n\n<p id=\"velika-duba\"><strong>\ud83c\udf3f<\/strong>&nbsp; <strong>6) Velika Duba Bay (walking tri<\/strong><strong>p)<\/strong><\/p>\n\n\n\n<p>Distance: approx. 20\u201325 min on foot<\/p>\n\n\n\n<p>One of the most beautiful wild beaches in the area. Crystal clear water, nature and very few people.<\/p>\n\n\n\n<p>Map:&nbsp;<a href=\"https:\/\/maps.app.goo.gl\/cMnfGQUE8gzgQwNg9?g_st=ipc\">https:\/\/maps.app.goo.gl\/fYwdJtkmSEeKQobm9<\/a><\/p>\n\n\n\n<figure class=\"wp-block-image\"><img decoding=\"async\" src=\"https:\/\/sandee.com\/_next\/image?url=https%3A%2F%2Flh5.googleusercontent.com%2Fp%2FAF1QipNTGUaAwe-P5-GMQsLGbSvTgAV4e_tfHCzd1t6L%3Ds1600-k-no&amp;w=1200&amp;q=75\" alt=\"\"\/><\/figure>\n","protected":false},"excerpt":{"rendered":"<p>\ud83c\udfd9\ufe0f1) Makarska \u2013 the centre of the Makarska Riviera Distance: 20 min \/ 17 km What to expect: Makarska offers a beautiful promenade, marina, playgrounds, shops, and great evening atmosphere. Perfect for an evening walk or a full-day trip with swimming. Map:&nbsp;https:\/\/maps.app.goo.gl\/xBUQuSXvhYB5VQ7i6 \ud83d\udea4 2) Boat Trip \u2013 Hvar Island (Full-day boat trip) Departure is directly [&hellip;]<\/p>\n","protected":false},"author":3,"featured_media":913,"parent":0,"menu_order":0,"comment_status":"closed","ping_status":"closed","template":"","meta":{"footnotes":""},"class_list":["post-912","page","type-page","status-publish","has-post-thumbnail","hentry"],"_links":{"self":[{"href":"https:\/\/zivogosce.cz\/en\/wp-json\/wp\/v2\/pages\/912","targetHints":{"allow":["GET"]}}],"collection":[{"href":"https:\/\/zivogosce.cz\/en\/wp-json\/wp\/v2\/pages"}],"about":[{"href":"https:\/\/zivogosce.cz\/en\/wp-json\/wp\/v2\/types\/page"}],"author":[{"embeddable":true,"href":"https:\/\/zivogosce.cz\/en\/wp-json\/wp\/v2\/users\/3"}],"replies":[{"embeddable":true,"href":"https:\/\/zivogosce.cz\/en\/wp-json\/wp\/v2\/comments?post=912"}],"version-history":[{"count":3,"href":"https:\/\/zivogosce.cz\/en\/wp-json\/wp\/v2\/pages\/912\/revisions"}],"predecessor-version":[{"id":923,"href":"https:\/\/zivogosce.cz\/en\/wp-json\/wp\/v2\/pages\/912\/revisions\/923"}],"wp:featuredmedia":[{"embeddable":true,"href":"https:\/\/zivogosce.cz\/en\/wp-json\/wp\/v2\/media\/913"}],"wp:attachment":[{"href":"https:\/\/zivogosce.cz\/en\/wp-json\/wp\/v2\/media?parent=912"}],"curies":[{"name":"wp","href":"https:\/\/api.w.org\/{rel}","templated":true}]}}