{"id":43,"date":"2023-04-08T13:49:21","date_gmt":"2023-04-08T11:49:21","guid":{"rendered":"https:\/\/zivogosce.cz\/en\/?page_id=43"},"modified":"2023-07-08T17:35:17","modified_gmt":"2023-07-08T15:35:17","slug":"gdje-se-nalazimo","status":"publish","type":"page","link":"https:\/\/zivogosce.cz\/en\/gdje-se-nalazimo\/","title":{"rendered":"Where To Find Us"},"content":{"rendered":"\n<p>Villa Alena <\/p>\n\n\n\n<p>\u017divogo\u0161\u0107e Blato 52<\/p>\n\n\n\n<p>213 29 Igrane<\/p>\n\n\n\n<p><strong>How to get to us &#8211; by car<\/strong><\/p>\n\n\n\n<p>-on the Croatian highway, drive in the direction of Split<\/p>\n\n\n\n<p>-get off at the Zagvozd\/Makarsk\u00e1 exit approx. 70 km after the Split exit after passing the town of Makarsk\u00e1, \u017divogo\u0161\u0107e-Blato is after approx. 20 km<\/p>\n\n\n\n<ul class=\"wp-block-list\">\n<li>Note: there are 3 \u017divogos\u0161\u0107e- Porat, Mala Duba and Blato. Blato is the furthest from Makarska.<\/li>\n<\/ul>\n\n\n\n<p>-take the main exit into the town and Villa Alena is the third house on the right.<\/p>\n\n\n\n<p><strong>Croatian highway costs<\/strong><\/p>\n\n\n\n<p>-The price of the Zagreb-Zagvozd highway for a passenger car is \u20ac27<\/p>\n\n\n\n<p>More information: hac.hr<\/p>\n\n\n\n<p><strong>How to get to us &#8211; plane<\/strong><\/p>\n\n\n\n<p>-The regular line from June to September or the regular line to Zadar.<\/p>\n\n\n\n<p>It is possible to rent a car at the airports<\/p>\n\n\n\n<p><strong>How to get to us &#8211; bus<\/strong><\/p>\n\n\n\n<p>-regular lines, for example <a href=\"https:\/\/www.flixbus.pl\/\" data-type=\"URL\" data-id=\"https:\/\/www.flixbus.pl\/\">Flixbus<\/a> <\/p>\n\n\n<p><img loading=\"lazy\" decoding=\"async\" class=\"wp-image-45 size-full aligncenter\" src=\"https:\/\/zivogosce.cz\/en\/wp-content\/uploads\/2023\/04\/mapa2.jpg\" alt=\"\" width=\"476\" height=\"476\" srcset=\"https:\/\/zivogosce.cz\/en\/wp-content\/uploads\/2023\/04\/mapa2.jpg 476w, https:\/\/zivogosce.cz\/en\/wp-content\/uploads\/2023\/04\/mapa2-300x300.jpg 300w, https:\/\/zivogosce.cz\/en\/wp-content\/uploads\/2023\/04\/mapa2-150x150.jpg 150w\" sizes=\"auto, (max-width: 476px) 100vw, 476px\" \/><\/p>\n<div class=\"clearfix\">&nbsp;<\/div>\n<p><img loading=\"lazy\" decoding=\"async\" class=\"wp-image-44 size-full aligncenter\" src=\"https:\/\/zivogosce.cz\/en\/wp-content\/uploads\/2023\/04\/mapa.jpg\" alt=\"mapa.png\" width=\"476\" height=\"476\" srcset=\"https:\/\/zivogosce.cz\/en\/wp-content\/uploads\/2023\/04\/mapa.jpg 476w, https:\/\/zivogosce.cz\/en\/wp-content\/uploads\/2023\/04\/mapa-300x300.jpg 300w, https:\/\/zivogosce.cz\/en\/wp-content\/uploads\/2023\/04\/mapa-150x150.jpg 150w\" sizes=\"auto, (max-width: 476px) 100vw, 476px\" \/><\/p>","protected":false},"excerpt":{"rendered":"<p>Villa Alena \u017divogo\u0161\u0107e Blato 52 213 29 Igrane How to get to us &#8211; by car -on the Croatian highway, drive in the direction of Split -get off at the Zagvozd\/Makarsk\u00e1 exit approx. 70 km after the Split exit after passing the town of Makarsk\u00e1, \u017divogo\u0161\u0107e-Blato is after approx. 20 km -take the main exit [&hellip;]<\/p>\n","protected":false},"author":1,"featured_media":431,"parent":0,"menu_order":0,"comment_status":"closed","ping_status":"closed","template":"","meta":{"footnotes":""},"class_list":["post-43","page","type-page","status-publish","has-post-thumbnail","hentry"],"_links":{"self":[{"href":"https:\/\/zivogosce.cz\/en\/wp-json\/wp\/v2\/pages\/43","targetHints":{"allow":["GET"]}}],"collection":[{"href":"https:\/\/zivogosce.cz\/en\/wp-json\/wp\/v2\/pages"}],"about":[{"href":"https:\/\/zivogosce.cz\/en\/wp-json\/wp\/v2\/types\/page"}],"author":[{"embeddable":true,"href":"https:\/\/zivogosce.cz\/en\/wp-json\/wp\/v2\/users\/1"}],"replies":[{"embeddable":true,"href":"https:\/\/zivogosce.cz\/en\/wp-json\/wp\/v2\/comments?post=43"}],"version-history":[{"count":12,"href":"https:\/\/zivogosce.cz\/en\/wp-json\/wp\/v2\/pages\/43\/revisions"}],"predecessor-version":[{"id":756,"href":"https:\/\/zivogosce.cz\/en\/wp-json\/wp\/v2\/pages\/43\/revisions\/756"}],"wp:featuredmedia":[{"embeddable":true,"href":"https:\/\/zivogosce.cz\/en\/wp-json\/wp\/v2\/media\/431"}],"wp:attachment":[{"href":"https:\/\/zivogosce.cz\/en\/wp-json\/wp\/v2\/media?parent=43"}],"curies":[{"name":"wp","href":"https:\/\/api.w.org\/{rel}","templated":true}]}}