{"id":318,"date":"2023-05-16T12:40:38","date_gmt":"2023-05-16T10:40:38","guid":{"rendered":"https:\/\/zivogosce.cz\/en\/?page_id=318"},"modified":"2025-10-09T12:45:30","modified_gmt":"2025-10-09T10:45:30","slug":"rooms","status":"publish","type":"page","link":"https:\/\/zivogosce.cz\/en\/rooms\/","title":{"rendered":"Apartments"},"content":{"rendered":"\n<h3 class=\"wp-block-heading\"><strong>Get to know our apartments<\/strong><\/h3>\n\n\n\n<p>There are a total of 5 apartments and one room in our guesthouse Villa Alena. All accommodation units are air-conditioned and a parking space is available for each unit. Most apartments have a sea view.<\/p>\n\n\n\n<div class=\"wp-block-columns is-layout-flex wp-container-core-columns-is-layout-9d6595d7 wp-block-columns-is-layout-flex\">\n<div class=\"wp-block-column is-layout-flow wp-block-column-is-layout-flow\">\n<figure class=\"wp-block-image size-large\"><img loading=\"lazy\" decoding=\"async\" width=\"1024\" height=\"768\" src=\"https:\/\/zivogosce.cz\/en\/wp-content\/uploads\/2024\/07\/IMG_8641-1024x768.jpeg\" alt=\"\" class=\"wp-image-803\" srcset=\"https:\/\/zivogosce.cz\/en\/wp-content\/uploads\/2024\/07\/IMG_8641-1024x768.jpeg 1024w, https:\/\/zivogosce.cz\/en\/wp-content\/uploads\/2024\/07\/IMG_8641-300x225.jpeg 300w, https:\/\/zivogosce.cz\/en\/wp-content\/uploads\/2024\/07\/IMG_8641-768x576.jpeg 768w, https:\/\/zivogosce.cz\/en\/wp-content\/uploads\/2024\/07\/IMG_8641-1536x1152.jpeg 1536w, https:\/\/zivogosce.cz\/en\/wp-content\/uploads\/2024\/07\/IMG_8641-2048x1536.jpeg 2048w, https:\/\/zivogosce.cz\/en\/wp-content\/uploads\/2024\/07\/IMG_8641-390x293.jpeg 390w\" sizes=\"auto, (max-width: 1024px) 100vw, 1024px\" \/><\/figure>\n\n\n\n<h4 class=\"wp-block-heading has-text-align-center\"><a href=\"https:\/\/zivogosce.cz\/en\/rooms\/apartman-1\/\">Apartment 21<\/a><\/h4>\n\n\n\n<p>Spacious apartment with two bedrooms, two bathrooms and kitchen<\/p>\n<\/div>\n\n\n\n<div class=\"wp-block-column is-layout-flow wp-block-column-is-layout-flow\">\n<figure class=\"wp-block-image size-large\"><img loading=\"lazy\" decoding=\"async\" width=\"1024\" height=\"768\" src=\"https:\/\/zivogosce.cz\/en\/wp-content\/uploads\/2024\/07\/IMG_8680-1024x768.jpeg\" alt=\"\" class=\"wp-image-805\" srcset=\"https:\/\/zivogosce.cz\/en\/wp-content\/uploads\/2024\/07\/IMG_8680-1024x768.jpeg 1024w, https:\/\/zivogosce.cz\/en\/wp-content\/uploads\/2024\/07\/IMG_8680-300x225.jpeg 300w, https:\/\/zivogosce.cz\/en\/wp-content\/uploads\/2024\/07\/IMG_8680-768x576.jpeg 768w, https:\/\/zivogosce.cz\/en\/wp-content\/uploads\/2024\/07\/IMG_8680-1536x1152.jpeg 1536w, https:\/\/zivogosce.cz\/en\/wp-content\/uploads\/2024\/07\/IMG_8680-2048x1536.jpeg 2048w, https:\/\/zivogosce.cz\/en\/wp-content\/uploads\/2024\/07\/IMG_8680-390x293.jpeg 390w\" sizes=\"auto, (max-width: 1024px) 100vw, 1024px\" \/><\/figure>\n\n\n\n<h4 class=\"wp-block-heading has-text-align-center\"><a href=\"https:\/\/zivogosce.cz\/en\/rooms\/apartman-2\/\">Apartment 22<\/a><\/h4>\n\n\n\n<p class=\"has-text-align-center\">Family apartment with bedroom, living room and kitchen<\/p>\n<\/div>\n\n\n\n<div class=\"wp-block-column is-layout-flow wp-block-column-is-layout-flow\">\n<figure class=\"wp-block-image size-large\"><img loading=\"lazy\" decoding=\"async\" width=\"1024\" height=\"768\" src=\"https:\/\/zivogosce.cz\/en\/wp-content\/uploads\/2024\/07\/IMG_8815-1024x768.jpeg\" alt=\"\" class=\"wp-image-806\" srcset=\"https:\/\/zivogosce.cz\/en\/wp-content\/uploads\/2024\/07\/IMG_8815-1024x768.jpeg 1024w, https:\/\/zivogosce.cz\/en\/wp-content\/uploads\/2024\/07\/IMG_8815-300x225.jpeg 300w, https:\/\/zivogosce.cz\/en\/wp-content\/uploads\/2024\/07\/IMG_8815-768x576.jpeg 768w, https:\/\/zivogosce.cz\/en\/wp-content\/uploads\/2024\/07\/IMG_8815-1536x1152.jpeg 1536w, https:\/\/zivogosce.cz\/en\/wp-content\/uploads\/2024\/07\/IMG_8815-2048x1536.jpeg 2048w, https:\/\/zivogosce.cz\/en\/wp-content\/uploads\/2024\/07\/IMG_8815-390x293.jpeg 390w\" sizes=\"auto, (max-width: 1024px) 100vw, 1024px\" \/><\/figure>\n\n\n\n<h4 class=\"wp-block-heading has-text-align-center\"><a href=\"https:\/\/zivogosce.cz\/en\/rooms\/apartman-3\/\">Apartment 23<\/a><\/h4>\n\n\n\n<p class=\"has-text-align-center\">Large apartment with two bedrooms, two bathrooms, kitchen and attic room<\/p>\n<\/div>\n<\/div>\n\n\n\n<div class=\"wp-block-columns is-layout-flex wp-container-core-columns-is-layout-9d6595d7 wp-block-columns-is-layout-flex\">\n<div class=\"wp-block-column is-layout-flow wp-block-column-is-layout-flow\">\n<figure class=\"wp-block-image size-large\"><img loading=\"lazy\" decoding=\"async\" width=\"1024\" height=\"768\" src=\"https:\/\/zivogosce.cz\/en\/wp-content\/uploads\/2024\/07\/IMG_8832-1024x768.jpeg\" alt=\"\" class=\"wp-image-807\" srcset=\"https:\/\/zivogosce.cz\/en\/wp-content\/uploads\/2024\/07\/IMG_8832-1024x768.jpeg 1024w, https:\/\/zivogosce.cz\/en\/wp-content\/uploads\/2024\/07\/IMG_8832-300x225.jpeg 300w, https:\/\/zivogosce.cz\/en\/wp-content\/uploads\/2024\/07\/IMG_8832-768x576.jpeg 768w, https:\/\/zivogosce.cz\/en\/wp-content\/uploads\/2024\/07\/IMG_8832-1536x1152.jpeg 1536w, https:\/\/zivogosce.cz\/en\/wp-content\/uploads\/2024\/07\/IMG_8832-2048x1536.jpeg 2048w, https:\/\/zivogosce.cz\/en\/wp-content\/uploads\/2024\/07\/IMG_8832-390x293.jpeg 390w\" sizes=\"auto, (max-width: 1024px) 100vw, 1024px\" \/><\/figure>\n\n\n\n<h4 class=\"wp-block-heading has-text-align-center\"><a href=\"https:\/\/zivogosce.cz\/en\/rooms\/apartman-01\/\">Apartment 01<\/a><\/h4>\n\n\n\n<p class=\"has-text-align-center\">Ground floor apartment with a spacious kitchen<\/p>\n<\/div>\n\n\n\n<div class=\"wp-block-column is-layout-flow wp-block-column-is-layout-flow\">\n<figure class=\"wp-block-image size-full\"><img loading=\"lazy\" decoding=\"async\" width=\"2560\" height=\"1920\" src=\"https:\/\/zivogosce.cz\/en\/wp-content\/uploads\/2024\/07\/IMG_8699-scaled.jpeg\" alt=\"\" class=\"wp-image-808\" srcset=\"https:\/\/zivogosce.cz\/en\/wp-content\/uploads\/2024\/07\/IMG_8699-scaled.jpeg 2560w, https:\/\/zivogosce.cz\/en\/wp-content\/uploads\/2024\/07\/IMG_8699-300x225.jpeg 300w, https:\/\/zivogosce.cz\/en\/wp-content\/uploads\/2024\/07\/IMG_8699-1024x768.jpeg 1024w, https:\/\/zivogosce.cz\/en\/wp-content\/uploads\/2024\/07\/IMG_8699-768x576.jpeg 768w, https:\/\/zivogosce.cz\/en\/wp-content\/uploads\/2024\/07\/IMG_8699-1536x1152.jpeg 1536w, https:\/\/zivogosce.cz\/en\/wp-content\/uploads\/2024\/07\/IMG_8699-2048x1536.jpeg 2048w, https:\/\/zivogosce.cz\/en\/wp-content\/uploads\/2024\/07\/IMG_8699-390x293.jpeg 390w\" sizes=\"auto, (max-width: 2560px) 100vw, 2560px\" \/><\/figure>\n\n\n\n<h4 class=\"wp-block-heading has-text-align-center\"><a href=\"https:\/\/zivogosce.cz\/en\/rooms\/apartman-11\/\">Apartment 11<\/a><\/h4>\n\n\n\n<p class=\"has-text-align-center\">Apartment for 2 with the possibility of an extra bed<\/p>\n<\/div>\n\n\n\n<div class=\"wp-block-column is-layout-flow wp-block-column-is-layout-flow\">\n<figure class=\"wp-block-image size-large\"><img loading=\"lazy\" decoding=\"async\" width=\"1024\" height=\"768\" src=\"https:\/\/zivogosce.cz\/en\/wp-content\/uploads\/2024\/07\/IMG_8716-1024x768.jpeg\" alt=\"\" class=\"wp-image-809\" srcset=\"https:\/\/zivogosce.cz\/en\/wp-content\/uploads\/2024\/07\/IMG_8716-1024x768.jpeg 1024w, https:\/\/zivogosce.cz\/en\/wp-content\/uploads\/2024\/07\/IMG_8716-300x225.jpeg 300w, https:\/\/zivogosce.cz\/en\/wp-content\/uploads\/2024\/07\/IMG_8716-768x576.jpeg 768w, https:\/\/zivogosce.cz\/en\/wp-content\/uploads\/2024\/07\/IMG_8716-1536x1152.jpeg 1536w, https:\/\/zivogosce.cz\/en\/wp-content\/uploads\/2024\/07\/IMG_8716-2048x1536.jpeg 2048w, https:\/\/zivogosce.cz\/en\/wp-content\/uploads\/2024\/07\/IMG_8716-390x293.jpeg 390w\" sizes=\"auto, (max-width: 1024px) 100vw, 1024px\" \/><\/figure>\n\n\n\n<h4 class=\"wp-block-heading has-text-align-center\"><a href=\"https:\/\/zivogosce.cz\/en\/rooms\/pokoj-12\/\">Room 12<\/a><\/h4>\n\n\n\n<p class=\"has-text-align-center\">Double room with shared kitchen<\/p>\n<\/div>\n<\/div>\n\n\n\n<div class=\"wp-block-columns is-layout-flex wp-container-core-columns-is-layout-9d6595d7 wp-block-columns-is-layout-flex\">\n<div class=\"wp-block-column is-layout-flow wp-block-column-is-layout-flow\">\n<figure class=\"wp-block-image size-large\"><img loading=\"lazy\" decoding=\"async\" width=\"1024\" height=\"768\" src=\"https:\/\/zivogosce.cz\/en\/wp-content\/uploads\/2025\/01\/IMG_8824-1-1024x768.jpeg\" alt=\"\" class=\"wp-image-851\" srcset=\"https:\/\/zivogosce.cz\/en\/wp-content\/uploads\/2025\/01\/IMG_8824-1-1024x768.jpeg 1024w, https:\/\/zivogosce.cz\/en\/wp-content\/uploads\/2025\/01\/IMG_8824-1-300x225.jpeg 300w, https:\/\/zivogosce.cz\/en\/wp-content\/uploads\/2025\/01\/IMG_8824-1-768x576.jpeg 768w, https:\/\/zivogosce.cz\/en\/wp-content\/uploads\/2025\/01\/IMG_8824-1-1536x1152.jpeg 1536w, https:\/\/zivogosce.cz\/en\/wp-content\/uploads\/2025\/01\/IMG_8824-1-390x293.jpeg 390w, https:\/\/zivogosce.cz\/en\/wp-content\/uploads\/2025\/01\/IMG_8824-1.jpeg 2048w\" sizes=\"auto, (max-width: 1024px) 100vw, 1024px\" \/><\/figure>\n\n\n\n<h3 class=\"wp-block-heading has-text-align-center\"><a href=\"https:\/\/zivogosce.cz\/en\/rooms\/room-13\/\" data-type=\"link\" data-id=\"https:\/\/zivogosce.cz\/en\/rooms\/room-13\/\">Room 13<\/a><\/h3>\n\n\n\n<p>Room with a bunk bed with shared kitchen.<\/p>\n<\/div>\n\n\n\n<div class=\"wp-block-column is-layout-flow wp-block-column-is-layout-flow\"><\/div>\n\n\n\n<div class=\"wp-block-column is-layout-flow wp-block-column-is-layout-flow\"><\/div>\n<\/div>\n\n\n\n<p id=\"contact\"><\/p>\n\n\n\n<h2 class=\"wp-block-heading\">Contact form<\/h2>\n\n\n\n<div class=\"wp-block-contact-form-7-contact-form-selector\">\n<div class=\"wpcf7 no-js\" id=\"wpcf7-f5-o1\" lang=\"cs-CZ\" dir=\"ltr\">\n<div class=\"screen-reader-response\"><p role=\"status\" aria-live=\"polite\" aria-atomic=\"true\"><\/p> <ul><\/ul><\/div>\n<form action=\"\/en\/wp-json\/wp\/v2\/pages\/318#wpcf7-f5-o1\" method=\"post\" class=\"wpcf7-form init\" aria-label=\"Kontaktn\u00ed formul\u00e1\u0159\" novalidate=\"novalidate\" data-status=\"init\">\n<div style=\"display: none;\">\n<input type=\"hidden\" name=\"_wpcf7\" value=\"5\" \/>\n<input type=\"hidden\" name=\"_wpcf7_version\" value=\"5.9.3\" \/>\n<input type=\"hidden\" name=\"_wpcf7_locale\" value=\"cs_CZ\" \/>\n<input type=\"hidden\" name=\"_wpcf7_unit_tag\" value=\"wpcf7-f5-o1\" \/>\n<input type=\"hidden\" name=\"_wpcf7_container_post\" value=\"0\" \/>\n<input type=\"hidden\" name=\"_wpcf7_posted_data_hash\" value=\"\" \/>\n<\/div>\n<p><label> Name<br \/>\n<span class=\"wpcf7-form-control-wrap\" data-name=\"your-name\"><input size=\"40\" class=\"wpcf7-form-control wpcf7-text wpcf7-validates-as-required\" autocomplete=\"name\" aria-required=\"true\" aria-invalid=\"false\" value=\"\" type=\"text\" name=\"your-name\" \/><\/span> <\/label>\n<\/p>\n<p><label> E-mail<br \/>\n<span class=\"wpcf7-form-control-wrap\" data-name=\"your-email\"><input size=\"40\" class=\"wpcf7-form-control wpcf7-email wpcf7-validates-as-required wpcf7-text wpcf7-validates-as-email\" autocomplete=\"email\" aria-required=\"true\" aria-invalid=\"false\" value=\"\" type=\"email\" name=\"your-email\" \/><\/span> <\/label>\n<\/p>\n<Accomodation type<\/label>\n\t<p><span class=\"wpcf7-form-control-wrap\" data-name=\"accomodation\"><span class=\"wpcf7-form-control wpcf7-checkbox wpcf7-validates-as-required\"><span class=\"wpcf7-list-item first\"><label><input type=\"checkbox\" name=\"accomodation[]\" value=\"Apartment 01\" \/><span class=\"wpcf7-list-item-label\">Apartment 01<\/span><\/label><\/span><span class=\"wpcf7-list-item\"><label><input type=\"checkbox\" name=\"accomodation[]\" value=\"Apartment 11\" \/><span class=\"wpcf7-list-item-label\">Apartment 11<\/span><\/label><\/span><span class=\"wpcf7-list-item\"><label><input type=\"checkbox\" name=\"accomodation[]\" value=\"Room 12\" \/><span class=\"wpcf7-list-item-label\">Room 12<\/span><\/label><\/span><span class=\"wpcf7-list-item\"><label><input type=\"checkbox\" name=\"accomodation[]\" value=\"Apartment 21\" \/><span class=\"wpcf7-list-item-label\">Apartment 21<\/span><\/label><\/span><span class=\"wpcf7-list-item\"><label><input type=\"checkbox\" name=\"accomodation[]\" value=\"Apartment 22\" \/><span class=\"wpcf7-list-item-label\">Apartment 22<\/span><\/label><\/span><span class=\"wpcf7-list-item last\"><label><input type=\"checkbox\" name=\"accomodation[]\" value=\"Apartment 23\" \/><span class=\"wpcf7-list-item-label\">Apartment 23<\/span><\/label><\/span><\/span><\/span>\n\t<\/p>\n\t<p><label> Arrival date:<br \/>\n<span class=\"wpcf7-form-control-wrap\" data-name=\"date-start\"><input class=\"wpcf7-form-control wpcf7-date wpcf7-validates-as-required wpcf7-validates-as-date\" aria-required=\"true\" aria-invalid=\"false\" value=\"\" type=\"date\" name=\"date-start\" \/><\/span><\/label>\n\t<\/p>\n\t<p><label> Departure date:<br \/>\n<span class=\"wpcf7-form-control-wrap\" data-name=\"date-end\"><input class=\"wpcf7-form-control wpcf7-date wpcf7-validates-as-required wpcf7-validates-as-date\" aria-required=\"true\" aria-invalid=\"false\" value=\"\" type=\"date\" name=\"date-end\" \/><\/span><\/label>\n\t<\/p>\n\t<p><label>Number of adults:<span class=\"wpcf7-form-control-wrap\" data-name=\"number-adults\"><input class=\"wpcf7-form-control wpcf7-number wpcf7-validates-as-required wpcf7-validates-as-number\" min=\"1\" aria-required=\"true\" aria-invalid=\"false\" placeholder=\"1\" value=\"\" type=\"number\" name=\"number-adults\" \/><\/span><\/label>\n\t<\/p>\n\t<p><label>Number of children:<span class=\"wpcf7-form-control-wrap\" data-name=\"number-child\"><input class=\"wpcf7-form-control wpcf7-number wpcf7-validates-as-required wpcf7-validates-as-number\" min=\"0\" aria-required=\"true\" aria-invalid=\"false\" placeholder=\"0\" value=\"\" type=\"number\" name=\"number-child\" \/><\/span><\/label>\n\t<\/p>\n\t<p><label> Comment<br \/>\n<span class=\"wpcf7-form-control-wrap\" data-name=\"your-message\"><textarea cols=\"40\" rows=\"10\" class=\"wpcf7-form-control wpcf7-textarea\" aria-invalid=\"false\" name=\"your-message\"><\/textarea><\/span> <\/label>\n\t<\/p>\n\t<p><input class=\"wpcf7-form-control wpcf7-submit has-spinner\" type=\"submit\" value=\"Submit\" \/>\n\t<\/p>\n<\/accomodation><div class=\"wpcf7-response-output\" aria-hidden=\"true\"><\/div>\n<\/form>\n<\/div>\n<\/div>\n","protected":false},"excerpt":{"rendered":"<p>Get to know our apartments There are a total of 5 apartments and one room in our guesthouse Villa Alena. All accommodation units are air-conditioned and a parking space is available for each unit. Most apartments have a sea view. Apartment 21 Spacious apartment with two bedrooms, two bathrooms and kitchen Apartment 22 Family apartment [&hellip;]<\/p>\n","protected":false},"author":1,"featured_media":626,"parent":0,"menu_order":0,"comment_status":"closed","ping_status":"closed","template":"","meta":{"footnotes":""},"class_list":["post-318","page","type-page","status-publish","has-post-thumbnail","hentry"],"_links":{"self":[{"href":"https:\/\/zivogosce.cz\/en\/wp-json\/wp\/v2\/pages\/318","targetHints":{"allow":["GET"]}}],"collection":[{"href":"https:\/\/zivogosce.cz\/en\/wp-json\/wp\/v2\/pages"}],"about":[{"href":"https:\/\/zivogosce.cz\/en\/wp-json\/wp\/v2\/types\/page"}],"author":[{"embeddable":true,"href":"https:\/\/zivogosce.cz\/en\/wp-json\/wp\/v2\/users\/1"}],"replies":[{"embeddable":true,"href":"https:\/\/zivogosce.cz\/en\/wp-json\/wp\/v2\/comments?post=318"}],"version-history":[{"count":29,"href":"https:\/\/zivogosce.cz\/en\/wp-json\/wp\/v2\/pages\/318\/revisions"}],"predecessor-version":[{"id":890,"href":"https:\/\/zivogosce.cz\/en\/wp-json\/wp\/v2\/pages\/318\/revisions\/890"}],"wp:featuredmedia":[{"embeddable":true,"href":"https:\/\/zivogosce.cz\/en\/wp-json\/wp\/v2\/media\/626"}],"wp:attachment":[{"href":"https:\/\/zivogosce.cz\/en\/wp-json\/wp\/v2\/media?parent=318"}],"curies":[{"name":"wp","href":"https:\/\/api.w.org\/{rel}","templated":true}]}}