{"id":16,"date":"2023-04-04T12:36:12","date_gmt":"2023-04-04T10:36:12","guid":{"rendered":"https:\/\/zivogosce.cz\/en\/?page_id=16"},"modified":"2023-07-08T12:33:44","modified_gmt":"2023-07-08T10:33:44","slug":"home","status":"publish","type":"page","link":"https:\/\/zivogosce.cz\/en\/","title":{"rendered":"Home"},"content":{"rendered":"<h4>Vila Alena \u2013 \u017divogo\u0161\u0107e-Blato &#8211; Makarska riviera<\/h4>\n","protected":false},"excerpt":{"rendered":"<p>Vila Alena \u2013 \u017divogo\u0161\u0107e-Blato &#8211; Makarska riviera<\/p>\n","protected":false},"author":1,"featured_media":68,"parent":0,"menu_order":0,"comment_status":"closed","ping_status":"closed","template":"","meta":{"footnotes":""},"class_list":["post-16","page","type-page","status-publish","has-post-thumbnail","hentry"],"_links":{"self":[{"href":"https:\/\/zivogosce.cz\/en\/wp-json\/wp\/v2\/pages\/16","targetHints":{"allow":["GET"]}}],"collection":[{"href":"https:\/\/zivogosce.cz\/en\/wp-json\/wp\/v2\/pages"}],"about":[{"href":"https:\/\/zivogosce.cz\/en\/wp-json\/wp\/v2\/types\/page"}],"author":[{"embeddable":true,"href":"https:\/\/zivogosce.cz\/en\/wp-json\/wp\/v2\/users\/1"}],"replies":[{"embeddable":true,"href":"https:\/\/zivogosce.cz\/en\/wp-json\/wp\/v2\/comments?post=16"}],"version-history":[{"count":6,"href":"https:\/\/zivogosce.cz\/en\/wp-json\/wp\/v2\/pages\/16\/revisions"}],"predecessor-version":[{"id":723,"href":"https:\/\/zivogosce.cz\/en\/wp-json\/wp\/v2\/pages\/16\/revisions\/723"}],"wp:featuredmedia":[{"embeddable":true,"href":"https:\/\/zivogosce.cz\/en\/wp-json\/wp\/v2\/media\/68"}],"wp:attachment":[{"href":"https:\/\/zivogosce.cz\/en\/wp-json\/wp\/v2\/media?parent=16"}],"curies":[{"name":"wp","href":"https:\/\/api.w.org\/{rel}","templated":true}]}}